{"id":38353,"date":"2026-03-12T16:00:06","date_gmt":"2026-03-12T16:00:06","guid":{"rendered":"https:\/\/wzi.offner.at\/produkt\/kulturkrampen-deutsches-haus-150-kg-norm-m-4515\/"},"modified":"2026-03-12T16:00:06","modified_gmt":"2026-03-12T16:00:06","slug":"pick-axe-austrian-handle-hole-1-5-kg-norm-m4515","status":"publish","type":"product","link":"https:\/\/wzi.offner.at\/en\/produkt\/pick-axe-austrian-handle-hole-1-5-kg-norm-m4515\/","title":{"rendered":"Pick-axe, austrian handle hole, 1.5 kg, &ouml;-Norm M4515"},"content":{"rendered":"<\/p>\n","protected":false},"excerpt":{"rendered":"<p>without handle<\/p>\n","protected":false},"featured_media":0,"template":"","meta":{"_acf_changed":false},"product_brand":[],"product_cat":[891],"product_tag":[],"class_list":{"0":"post-38353","1":"product","2":"type-product","3":"status-publish","5":"product_cat-krenhof-tools-for-construction-and-garden-krenhof-tools-for-construction-and-garden","7":"first","8":"instock","9":"purchasable","10":"product-type-simple"},"acf":[],"yoast_head":"<!-- This site is optimized with the Yoast SEO plugin v26.6 - https:\/\/yoast.com\/wordpress\/plugins\/seo\/ -->\n<title>Pick-axe, austrian handle hole, 1.5 kg, &ouml;-Norm M4515 - Offner Werkzeuge<\/title>\n<meta name=\"robots\" content=\"index, follow, max-snippet:-1, max-image-preview:large, max-video-preview:-1\" \/>\n<link rel=\"canonical\" href=\"https:\/\/wzi.offner.at\/en\/produkt\/pick-axe-austrian-handle-hole-1-5-kg-norm-m4515\/\" \/>\n<meta property=\"og:locale\" content=\"en_US\" \/>\n<meta property=\"og:type\" content=\"article\" \/>\n<meta property=\"og:title\" content=\"Pick-axe, austrian handle hole, 1.5 kg, &ouml;-Norm M4515 - Offner Werkzeuge\" \/>\n<meta property=\"og:description\" content=\"without handle\" \/>\n<meta property=\"og:url\" content=\"https:\/\/wzi.offner.at\/en\/produkt\/pick-axe-austrian-handle-hole-1-5-kg-norm-m4515\/\" \/>\n<meta property=\"og:site_name\" content=\"Offner Werkzeuge\" \/>\n<meta name=\"twitter:card\" content=\"summary_large_image\" \/>\n<script type=\"application\/ld+json\" class=\"yoast-schema-graph\">{\"@context\":\"https:\/\/schema.org\",\"@graph\":[{\"@type\":\"WebPage\",\"@id\":\"https:\/\/wzi.offner.at\/en\/produkt\/pick-axe-austrian-handle-hole-1-5-kg-norm-m4515\/\",\"url\":\"https:\/\/wzi.offner.at\/en\/produkt\/pick-axe-austrian-handle-hole-1-5-kg-norm-m4515\/\",\"name\":\"Pick-axe, austrian handle hole, 1.5 kg, &ouml;-Norm M4515 - Offner Werkzeuge\",\"isPartOf\":{\"@id\":\"https:\/\/wzi.offner.at\/#website\"},\"datePublished\":\"2026-03-12T16:00:06+00:00\",\"breadcrumb\":{\"@id\":\"https:\/\/wzi.offner.at\/en\/produkt\/pick-axe-austrian-handle-hole-1-5-kg-norm-m4515\/#breadcrumb\"},\"inLanguage\":\"en-US\",\"potentialAction\":[{\"@type\":\"ReadAction\",\"target\":[\"https:\/\/wzi.offner.at\/en\/produkt\/pick-axe-austrian-handle-hole-1-5-kg-norm-m4515\/\"]}]},{\"@type\":\"BreadcrumbList\",\"@id\":\"https:\/\/wzi.offner.at\/en\/produkt\/pick-axe-austrian-handle-hole-1-5-kg-norm-m4515\/#breadcrumb\",\"itemListElement\":[{\"@type\":\"ListItem\",\"position\":1,\"name\":\"Startseite\",\"item\":\"https:\/\/wzi.offner.at\/en\/\"},{\"@type\":\"ListItem\",\"position\":2,\"name\":\"Sample Page\",\"item\":\"https:\/\/wzi.offner.at\/en\/sample-page\/\"},{\"@type\":\"ListItem\",\"position\":3,\"name\":\"Pick-axe, austrian handle hole, 1.5 kg, &ouml;-Norm M4515\"}]},{\"@type\":\"WebSite\",\"@id\":\"https:\/\/wzi.offner.at\/#website\",\"url\":\"https:\/\/wzi.offner.at\/\",\"name\":\"Offner Werkzeuge\",\"description\":\"Wir verarbeiten seit 1755 im Lavanttal in \u00d6sterreich Stahl und Aluminium mit Hilfe optimierter Schmiedetechnik zu Werkzeugen h\u00f6chster G\u00fcte.\",\"potentialAction\":[{\"@type\":\"SearchAction\",\"target\":{\"@type\":\"EntryPoint\",\"urlTemplate\":\"https:\/\/wzi.offner.at\/?s={search_term_string}\"},\"query-input\":{\"@type\":\"PropertyValueSpecification\",\"valueRequired\":true,\"valueName\":\"search_term_string\"}}],\"inLanguage\":\"en-US\"}]}<\/script>\n<!-- \/ Yoast SEO plugin. -->","yoast_head_json":{"title":"Pick-axe, austrian handle hole, 1.5 kg, &ouml;-Norm M4515 - Offner Werkzeuge","robots":{"index":"index","follow":"follow","max-snippet":"max-snippet:-1","max-image-preview":"max-image-preview:large","max-video-preview":"max-video-preview:-1"},"canonical":"https:\/\/wzi.offner.at\/en\/produkt\/pick-axe-austrian-handle-hole-1-5-kg-norm-m4515\/","og_locale":"en_US","og_type":"article","og_title":"Pick-axe, austrian handle hole, 1.5 kg, &ouml;-Norm M4515 - Offner Werkzeuge","og_description":"without handle","og_url":"https:\/\/wzi.offner.at\/en\/produkt\/pick-axe-austrian-handle-hole-1-5-kg-norm-m4515\/","og_site_name":"Offner Werkzeuge","twitter_card":"summary_large_image","schema":{"@context":"https:\/\/schema.org","@graph":[{"@type":"WebPage","@id":"https:\/\/wzi.offner.at\/en\/produkt\/pick-axe-austrian-handle-hole-1-5-kg-norm-m4515\/","url":"https:\/\/wzi.offner.at\/en\/produkt\/pick-axe-austrian-handle-hole-1-5-kg-norm-m4515\/","name":"Pick-axe, austrian handle hole, 1.5 kg, &ouml;-Norm M4515 - Offner Werkzeuge","isPartOf":{"@id":"https:\/\/wzi.offner.at\/#website"},"datePublished":"2026-03-12T16:00:06+00:00","breadcrumb":{"@id":"https:\/\/wzi.offner.at\/en\/produkt\/pick-axe-austrian-handle-hole-1-5-kg-norm-m4515\/#breadcrumb"},"inLanguage":"en-US","potentialAction":[{"@type":"ReadAction","target":["https:\/\/wzi.offner.at\/en\/produkt\/pick-axe-austrian-handle-hole-1-5-kg-norm-m4515\/"]}]},{"@type":"BreadcrumbList","@id":"https:\/\/wzi.offner.at\/en\/produkt\/pick-axe-austrian-handle-hole-1-5-kg-norm-m4515\/#breadcrumb","itemListElement":[{"@type":"ListItem","position":1,"name":"Startseite","item":"https:\/\/wzi.offner.at\/en\/"},{"@type":"ListItem","position":2,"name":"Sample Page","item":"https:\/\/wzi.offner.at\/en\/sample-page\/"},{"@type":"ListItem","position":3,"name":"Pick-axe, austrian handle hole, 1.5 kg, &ouml;-Norm M4515"}]},{"@type":"WebSite","@id":"https:\/\/wzi.offner.at\/#website","url":"https:\/\/wzi.offner.at\/","name":"Offner Werkzeuge","description":"Wir verarbeiten seit 1755 im Lavanttal in \u00d6sterreich Stahl und Aluminium mit Hilfe optimierter Schmiedetechnik zu Werkzeugen h\u00f6chster G\u00fcte.","potentialAction":[{"@type":"SearchAction","target":{"@type":"EntryPoint","urlTemplate":"https:\/\/wzi.offner.at\/?s={search_term_string}"},"query-input":{"@type":"PropertyValueSpecification","valueRequired":true,"valueName":"search_term_string"}}],"inLanguage":"en-US"}]}},"_links":{"self":[{"href":"https:\/\/wzi.offner.at\/en\/wp-json\/wp\/v2\/product\/38353","targetHints":{"allow":["GET"]}}],"collection":[{"href":"https:\/\/wzi.offner.at\/en\/wp-json\/wp\/v2\/product"}],"about":[{"href":"https:\/\/wzi.offner.at\/en\/wp-json\/wp\/v2\/types\/product"}],"wp:attachment":[{"href":"https:\/\/wzi.offner.at\/en\/wp-json\/wp\/v2\/media?parent=38353"}],"wp:term":[{"taxonomy":"product_brand","embeddable":true,"href":"https:\/\/wzi.offner.at\/en\/wp-json\/wp\/v2\/product_brand?post=38353"},{"taxonomy":"product_cat","embeddable":true,"href":"https:\/\/wzi.offner.at\/en\/wp-json\/wp\/v2\/product_cat?post=38353"},{"taxonomy":"product_tag","embeddable":true,"href":"https:\/\/wzi.offner.at\/en\/wp-json\/wp\/v2\/product_tag?post=38353"}],"curies":[{"name":"wp","href":"https:\/\/api.w.org\/{rel}","templated":true}]}}