{"id":3668,"date":"2026-03-12T16:07:14","date_gmt":"2026-03-12T16:07:14","guid":{"rendered":"https:\/\/wzi.offner.at\/produkt\/spatengabel-4-lanzenzinken-2\/"},"modified":"2026-03-12T16:07:14","modified_gmt":"2026-03-12T16:07:14","slug":"digging-fork-4-spear-prongs-2","status":"publish","type":"product","link":"https:\/\/wzi.offner.at\/en\/produkt\/digging-fork-4-spear-prongs-2\/","title":{"rendered":"Digging fork, 4 spear prongs"},"content":{"rendered":"<p>The Offner Profi digging fork with ferrule has 4 forged spear prongs, a working width of 18 cm and comes with an 95 cm ash handle. The wide spear prongs make it easy to penetrate the soil. It is ideally suited for loosening or breaking up soil without causing significant damage to plant roots. The fork can also be used instead of a spade for digging up areas.<\/p>\n","protected":false},"excerpt":{"rendered":"<p>with D-handle<\/p>\n","protected":false},"featured_media":44359,"template":"","meta":{"_acf_changed":false},"product_brand":[],"product_cat":[736],"product_tag":[],"class_list":{"0":"post-3668","1":"product","2":"type-product","3":"status-publish","4":"has-post-thumbnail","6":"product_cat-spading-forks","8":"first","9":"instock","10":"purchasable","11":"product-type-simple"},"acf":[],"yoast_head":"<!-- This site is optimized with the Yoast SEO plugin v26.6 - https:\/\/yoast.com\/wordpress\/plugins\/seo\/ -->\n<title>Digging fork, 4 spear prongs - Offner Werkzeuge<\/title>\n<meta name=\"robots\" content=\"index, follow, max-snippet:-1, max-image-preview:large, max-video-preview:-1\" \/>\n<link rel=\"canonical\" href=\"https:\/\/wzi.offner.at\/en\/produkt\/digging-fork-4-spear-prongs-2\/\" \/>\n<meta property=\"og:locale\" content=\"en_US\" \/>\n<meta property=\"og:type\" content=\"article\" \/>\n<meta property=\"og:title\" content=\"Digging fork, 4 spear prongs - Offner Werkzeuge\" \/>\n<meta property=\"og:description\" content=\"with D-handle\" \/>\n<meta property=\"og:url\" content=\"https:\/\/wzi.offner.at\/en\/produkt\/digging-fork-4-spear-prongs-2\/\" \/>\n<meta property=\"og:site_name\" content=\"Offner Werkzeuge\" \/>\n<meta property=\"og:image\" content=\"https:\/\/wzi.offner.at\/wp-content\/uploads\/2026\/03\/G444TM1-5-scaled.jpg\" \/>\n\t<meta property=\"og:image:width\" content=\"1707\" \/>\n\t<meta property=\"og:image:height\" content=\"2560\" \/>\n\t<meta property=\"og:image:type\" content=\"image\/jpeg\" \/>\n<meta name=\"twitter:card\" content=\"summary_large_image\" \/>\n<script type=\"application\/ld+json\" class=\"yoast-schema-graph\">{\"@context\":\"https:\/\/schema.org\",\"@graph\":[{\"@type\":\"WebPage\",\"@id\":\"https:\/\/wzi.offner.at\/en\/produkt\/digging-fork-4-spear-prongs-2\/\",\"url\":\"https:\/\/wzi.offner.at\/en\/produkt\/digging-fork-4-spear-prongs-2\/\",\"name\":\"Digging fork, 4 spear prongs - Offner Werkzeuge\",\"isPartOf\":{\"@id\":\"https:\/\/wzi.offner.at\/#website\"},\"primaryImageOfPage\":{\"@id\":\"https:\/\/wzi.offner.at\/en\/produkt\/digging-fork-4-spear-prongs-2\/#primaryimage\"},\"image\":{\"@id\":\"https:\/\/wzi.offner.at\/en\/produkt\/digging-fork-4-spear-prongs-2\/#primaryimage\"},\"thumbnailUrl\":\"https:\/\/wzi.offner.at\/wp-content\/uploads\/2026\/03\/G444TM1-5-scaled.jpg\",\"datePublished\":\"2026-03-12T16:07:14+00:00\",\"breadcrumb\":{\"@id\":\"https:\/\/wzi.offner.at\/en\/produkt\/digging-fork-4-spear-prongs-2\/#breadcrumb\"},\"inLanguage\":\"en-US\",\"potentialAction\":[{\"@type\":\"ReadAction\",\"target\":[\"https:\/\/wzi.offner.at\/en\/produkt\/digging-fork-4-spear-prongs-2\/\"]}]},{\"@type\":\"ImageObject\",\"inLanguage\":\"en-US\",\"@id\":\"https:\/\/wzi.offner.at\/en\/produkt\/digging-fork-4-spear-prongs-2\/#primaryimage\",\"url\":\"https:\/\/wzi.offner.at\/wp-content\/uploads\/2026\/03\/G444TM1-5-scaled.jpg\",\"contentUrl\":\"https:\/\/wzi.offner.at\/wp-content\/uploads\/2026\/03\/G444TM1-5-scaled.jpg\",\"width\":1707,\"height\":2560},{\"@type\":\"BreadcrumbList\",\"@id\":\"https:\/\/wzi.offner.at\/en\/produkt\/digging-fork-4-spear-prongs-2\/#breadcrumb\",\"itemListElement\":[{\"@type\":\"ListItem\",\"position\":1,\"name\":\"Startseite\",\"item\":\"https:\/\/wzi.offner.at\/en\/\"},{\"@type\":\"ListItem\",\"position\":2,\"name\":\"Sample Page\",\"item\":\"https:\/\/wzi.offner.at\/en\/sample-page\/\"},{\"@type\":\"ListItem\",\"position\":3,\"name\":\"Digging fork, 4 spear prongs\"}]},{\"@type\":\"WebSite\",\"@id\":\"https:\/\/wzi.offner.at\/#website\",\"url\":\"https:\/\/wzi.offner.at\/\",\"name\":\"Offner Werkzeuge\",\"description\":\"Wir verarbeiten seit 1755 im Lavanttal in \u00d6sterreich Stahl und Aluminium mit Hilfe optimierter Schmiedetechnik zu Werkzeugen h\u00f6chster G\u00fcte.\",\"potentialAction\":[{\"@type\":\"SearchAction\",\"target\":{\"@type\":\"EntryPoint\",\"urlTemplate\":\"https:\/\/wzi.offner.at\/?s={search_term_string}\"},\"query-input\":{\"@type\":\"PropertyValueSpecification\",\"valueRequired\":true,\"valueName\":\"search_term_string\"}}],\"inLanguage\":\"en-US\"}]}<\/script>\n<!-- \/ Yoast SEO plugin. -->","yoast_head_json":{"title":"Digging fork, 4 spear prongs - Offner Werkzeuge","robots":{"index":"index","follow":"follow","max-snippet":"max-snippet:-1","max-image-preview":"max-image-preview:large","max-video-preview":"max-video-preview:-1"},"canonical":"https:\/\/wzi.offner.at\/en\/produkt\/digging-fork-4-spear-prongs-2\/","og_locale":"en_US","og_type":"article","og_title":"Digging fork, 4 spear prongs - Offner Werkzeuge","og_description":"with D-handle","og_url":"https:\/\/wzi.offner.at\/en\/produkt\/digging-fork-4-spear-prongs-2\/","og_site_name":"Offner Werkzeuge","og_image":[{"width":1707,"height":2560,"url":"https:\/\/wzi.offner.at\/wp-content\/uploads\/2026\/03\/G444TM1-5-scaled.jpg","type":"image\/jpeg"}],"twitter_card":"summary_large_image","schema":{"@context":"https:\/\/schema.org","@graph":[{"@type":"WebPage","@id":"https:\/\/wzi.offner.at\/en\/produkt\/digging-fork-4-spear-prongs-2\/","url":"https:\/\/wzi.offner.at\/en\/produkt\/digging-fork-4-spear-prongs-2\/","name":"Digging fork, 4 spear prongs - Offner Werkzeuge","isPartOf":{"@id":"https:\/\/wzi.offner.at\/#website"},"primaryImageOfPage":{"@id":"https:\/\/wzi.offner.at\/en\/produkt\/digging-fork-4-spear-prongs-2\/#primaryimage"},"image":{"@id":"https:\/\/wzi.offner.at\/en\/produkt\/digging-fork-4-spear-prongs-2\/#primaryimage"},"thumbnailUrl":"https:\/\/wzi.offner.at\/wp-content\/uploads\/2026\/03\/G444TM1-5-scaled.jpg","datePublished":"2026-03-12T16:07:14+00:00","breadcrumb":{"@id":"https:\/\/wzi.offner.at\/en\/produkt\/digging-fork-4-spear-prongs-2\/#breadcrumb"},"inLanguage":"en-US","potentialAction":[{"@type":"ReadAction","target":["https:\/\/wzi.offner.at\/en\/produkt\/digging-fork-4-spear-prongs-2\/"]}]},{"@type":"ImageObject","inLanguage":"en-US","@id":"https:\/\/wzi.offner.at\/en\/produkt\/digging-fork-4-spear-prongs-2\/#primaryimage","url":"https:\/\/wzi.offner.at\/wp-content\/uploads\/2026\/03\/G444TM1-5-scaled.jpg","contentUrl":"https:\/\/wzi.offner.at\/wp-content\/uploads\/2026\/03\/G444TM1-5-scaled.jpg","width":1707,"height":2560},{"@type":"BreadcrumbList","@id":"https:\/\/wzi.offner.at\/en\/produkt\/digging-fork-4-spear-prongs-2\/#breadcrumb","itemListElement":[{"@type":"ListItem","position":1,"name":"Startseite","item":"https:\/\/wzi.offner.at\/en\/"},{"@type":"ListItem","position":2,"name":"Sample Page","item":"https:\/\/wzi.offner.at\/en\/sample-page\/"},{"@type":"ListItem","position":3,"name":"Digging fork, 4 spear prongs"}]},{"@type":"WebSite","@id":"https:\/\/wzi.offner.at\/#website","url":"https:\/\/wzi.offner.at\/","name":"Offner Werkzeuge","description":"Wir verarbeiten seit 1755 im Lavanttal in \u00d6sterreich Stahl und Aluminium mit Hilfe optimierter Schmiedetechnik zu Werkzeugen h\u00f6chster G\u00fcte.","potentialAction":[{"@type":"SearchAction","target":{"@type":"EntryPoint","urlTemplate":"https:\/\/wzi.offner.at\/?s={search_term_string}"},"query-input":{"@type":"PropertyValueSpecification","valueRequired":true,"valueName":"search_term_string"}}],"inLanguage":"en-US"}]}},"_links":{"self":[{"href":"https:\/\/wzi.offner.at\/en\/wp-json\/wp\/v2\/product\/3668","targetHints":{"allow":["GET"]}}],"collection":[{"href":"https:\/\/wzi.offner.at\/en\/wp-json\/wp\/v2\/product"}],"about":[{"href":"https:\/\/wzi.offner.at\/en\/wp-json\/wp\/v2\/types\/product"}],"wp:featuredmedia":[{"embeddable":true,"href":"https:\/\/wzi.offner.at\/en\/wp-json\/wp\/v2\/media\/44359"}],"wp:attachment":[{"href":"https:\/\/wzi.offner.at\/en\/wp-json\/wp\/v2\/media?parent=3668"}],"wp:term":[{"taxonomy":"product_brand","embeddable":true,"href":"https:\/\/wzi.offner.at\/en\/wp-json\/wp\/v2\/product_brand?post=3668"},{"taxonomy":"product_cat","embeddable":true,"href":"https:\/\/wzi.offner.at\/en\/wp-json\/wp\/v2\/product_cat?post=3668"},{"taxonomy":"product_tag","embeddable":true,"href":"https:\/\/wzi.offner.at\/en\/wp-json\/wp\/v2\/product_tag?post=3668"}],"curies":[{"name":"wp","href":"https:\/\/api.w.org\/{rel}","templated":true}]}}