{"id":3575,"date":"2026-03-12T16:01:42","date_gmt":"2026-03-12T16:01:42","guid":{"rendered":"https:\/\/wzi.offner.at\/produkt\/alu-randschaufel-gr-9\/"},"modified":"2026-03-12T16:01:43","modified_gmt":"2026-03-12T16:01:43","slug":"aluminium-scoop-shovel-size-9","status":"publish","type":"product","link":"https:\/\/wzi.offner.at\/en\/produkt\/aluminium-scoop-shovel-size-9\/","title":{"rendered":"Aluminium scoop shovel size 9"},"content":{"rendered":"<p>The Offner aluminium scoop shovel size 9 is made from hardened white powder-coated aluminium and has a 130 cm long curved hardwood handle. The shovel blade, made from hardened aluminium, has a steel edge and has a working width of 38 cm.<\/p>\n","protected":false},"excerpt":{"rendered":"<p>with steel edge and handle<\/p>\n","protected":false},"featured_media":44175,"template":"","meta":{"_acf_changed":false},"product_brand":[],"product_cat":[694,691],"product_tag":[],"class_list":{"0":"post-3575","1":"product","2":"type-product","3":"status-publish","4":"has-post-thumbnail","6":"product_cat-aluminium-edge-shovels-aluminium-shovels","7":"product_cat-aluminium-edge-shovels","9":"first","10":"instock","11":"purchasable","12":"product-type-simple"},"acf":[],"yoast_head":"<!-- This site is optimized with the Yoast SEO plugin v26.6 - https:\/\/yoast.com\/wordpress\/plugins\/seo\/ -->\n<title>Aluminium scoop shovel size 9 - Offner Werkzeuge<\/title>\n<meta name=\"robots\" content=\"index, follow, max-snippet:-1, max-image-preview:large, max-video-preview:-1\" \/>\n<link rel=\"canonical\" href=\"https:\/\/wzi.offner.at\/en\/produkt\/aluminium-scoop-shovel-size-9\/\" \/>\n<meta property=\"og:locale\" content=\"en_US\" \/>\n<meta property=\"og:type\" content=\"article\" \/>\n<meta property=\"og:title\" content=\"Aluminium scoop shovel size 9 - Offner Werkzeuge\" \/>\n<meta property=\"og:description\" content=\"with steel edge and handle\" \/>\n<meta property=\"og:url\" content=\"https:\/\/wzi.offner.at\/en\/produkt\/aluminium-scoop-shovel-size-9\/\" \/>\n<meta property=\"og:site_name\" content=\"Offner Werkzeuge\" \/>\n<meta property=\"article:modified_time\" content=\"2026-03-12T16:01:43+00:00\" \/>\n<meta property=\"og:image\" content=\"https:\/\/wzi.offner.at\/wp-content\/uploads\/2026\/03\/A108K00-5.jpg\" \/>\n\t<meta property=\"og:image:width\" content=\"1669\" \/>\n\t<meta property=\"og:image:height\" content=\"2500\" \/>\n\t<meta property=\"og:image:type\" content=\"image\/jpeg\" \/>\n<meta name=\"twitter:card\" content=\"summary_large_image\" \/>\n<script type=\"application\/ld+json\" class=\"yoast-schema-graph\">{\"@context\":\"https:\/\/schema.org\",\"@graph\":[{\"@type\":\"WebPage\",\"@id\":\"https:\/\/wzi.offner.at\/en\/produkt\/aluminium-scoop-shovel-size-9\/\",\"url\":\"https:\/\/wzi.offner.at\/en\/produkt\/aluminium-scoop-shovel-size-9\/\",\"name\":\"Aluminium scoop shovel size 9 - Offner Werkzeuge\",\"isPartOf\":{\"@id\":\"https:\/\/wzi.offner.at\/#website\"},\"primaryImageOfPage\":{\"@id\":\"https:\/\/wzi.offner.at\/en\/produkt\/aluminium-scoop-shovel-size-9\/#primaryimage\"},\"image\":{\"@id\":\"https:\/\/wzi.offner.at\/en\/produkt\/aluminium-scoop-shovel-size-9\/#primaryimage\"},\"thumbnailUrl\":\"https:\/\/wzi.offner.at\/wp-content\/uploads\/2026\/03\/A108K00-5.jpg\",\"datePublished\":\"2026-03-12T16:01:42+00:00\",\"dateModified\":\"2026-03-12T16:01:43+00:00\",\"breadcrumb\":{\"@id\":\"https:\/\/wzi.offner.at\/en\/produkt\/aluminium-scoop-shovel-size-9\/#breadcrumb\"},\"inLanguage\":\"en-US\",\"potentialAction\":[{\"@type\":\"ReadAction\",\"target\":[\"https:\/\/wzi.offner.at\/en\/produkt\/aluminium-scoop-shovel-size-9\/\"]}]},{\"@type\":\"ImageObject\",\"inLanguage\":\"en-US\",\"@id\":\"https:\/\/wzi.offner.at\/en\/produkt\/aluminium-scoop-shovel-size-9\/#primaryimage\",\"url\":\"https:\/\/wzi.offner.at\/wp-content\/uploads\/2026\/03\/A108K00-5.jpg\",\"contentUrl\":\"https:\/\/wzi.offner.at\/wp-content\/uploads\/2026\/03\/A108K00-5.jpg\",\"width\":1669,\"height\":2500},{\"@type\":\"BreadcrumbList\",\"@id\":\"https:\/\/wzi.offner.at\/en\/produkt\/aluminium-scoop-shovel-size-9\/#breadcrumb\",\"itemListElement\":[{\"@type\":\"ListItem\",\"position\":1,\"name\":\"Startseite\",\"item\":\"https:\/\/wzi.offner.at\/en\/\"},{\"@type\":\"ListItem\",\"position\":2,\"name\":\"Sample Page\",\"item\":\"https:\/\/wzi.offner.at\/en\/sample-page\/\"},{\"@type\":\"ListItem\",\"position\":3,\"name\":\"Aluminium scoop shovel size 9\"}]},{\"@type\":\"WebSite\",\"@id\":\"https:\/\/wzi.offner.at\/#website\",\"url\":\"https:\/\/wzi.offner.at\/\",\"name\":\"Offner Werkzeuge\",\"description\":\"Wir verarbeiten seit 1755 im Lavanttal in \u00d6sterreich Stahl und Aluminium mit Hilfe optimierter Schmiedetechnik zu Werkzeugen h\u00f6chster G\u00fcte.\",\"potentialAction\":[{\"@type\":\"SearchAction\",\"target\":{\"@type\":\"EntryPoint\",\"urlTemplate\":\"https:\/\/wzi.offner.at\/?s={search_term_string}\"},\"query-input\":{\"@type\":\"PropertyValueSpecification\",\"valueRequired\":true,\"valueName\":\"search_term_string\"}}],\"inLanguage\":\"en-US\"}]}<\/script>\n<!-- \/ Yoast SEO plugin. -->","yoast_head_json":{"title":"Aluminium scoop shovel size 9 - Offner Werkzeuge","robots":{"index":"index","follow":"follow","max-snippet":"max-snippet:-1","max-image-preview":"max-image-preview:large","max-video-preview":"max-video-preview:-1"},"canonical":"https:\/\/wzi.offner.at\/en\/produkt\/aluminium-scoop-shovel-size-9\/","og_locale":"en_US","og_type":"article","og_title":"Aluminium scoop shovel size 9 - Offner Werkzeuge","og_description":"with steel edge and handle","og_url":"https:\/\/wzi.offner.at\/en\/produkt\/aluminium-scoop-shovel-size-9\/","og_site_name":"Offner Werkzeuge","article_modified_time":"2026-03-12T16:01:43+00:00","og_image":[{"width":1669,"height":2500,"url":"https:\/\/wzi.offner.at\/wp-content\/uploads\/2026\/03\/A108K00-5.jpg","type":"image\/jpeg"}],"twitter_card":"summary_large_image","schema":{"@context":"https:\/\/schema.org","@graph":[{"@type":"WebPage","@id":"https:\/\/wzi.offner.at\/en\/produkt\/aluminium-scoop-shovel-size-9\/","url":"https:\/\/wzi.offner.at\/en\/produkt\/aluminium-scoop-shovel-size-9\/","name":"Aluminium scoop shovel size 9 - Offner Werkzeuge","isPartOf":{"@id":"https:\/\/wzi.offner.at\/#website"},"primaryImageOfPage":{"@id":"https:\/\/wzi.offner.at\/en\/produkt\/aluminium-scoop-shovel-size-9\/#primaryimage"},"image":{"@id":"https:\/\/wzi.offner.at\/en\/produkt\/aluminium-scoop-shovel-size-9\/#primaryimage"},"thumbnailUrl":"https:\/\/wzi.offner.at\/wp-content\/uploads\/2026\/03\/A108K00-5.jpg","datePublished":"2026-03-12T16:01:42+00:00","dateModified":"2026-03-12T16:01:43+00:00","breadcrumb":{"@id":"https:\/\/wzi.offner.at\/en\/produkt\/aluminium-scoop-shovel-size-9\/#breadcrumb"},"inLanguage":"en-US","potentialAction":[{"@type":"ReadAction","target":["https:\/\/wzi.offner.at\/en\/produkt\/aluminium-scoop-shovel-size-9\/"]}]},{"@type":"ImageObject","inLanguage":"en-US","@id":"https:\/\/wzi.offner.at\/en\/produkt\/aluminium-scoop-shovel-size-9\/#primaryimage","url":"https:\/\/wzi.offner.at\/wp-content\/uploads\/2026\/03\/A108K00-5.jpg","contentUrl":"https:\/\/wzi.offner.at\/wp-content\/uploads\/2026\/03\/A108K00-5.jpg","width":1669,"height":2500},{"@type":"BreadcrumbList","@id":"https:\/\/wzi.offner.at\/en\/produkt\/aluminium-scoop-shovel-size-9\/#breadcrumb","itemListElement":[{"@type":"ListItem","position":1,"name":"Startseite","item":"https:\/\/wzi.offner.at\/en\/"},{"@type":"ListItem","position":2,"name":"Sample Page","item":"https:\/\/wzi.offner.at\/en\/sample-page\/"},{"@type":"ListItem","position":3,"name":"Aluminium scoop shovel size 9"}]},{"@type":"WebSite","@id":"https:\/\/wzi.offner.at\/#website","url":"https:\/\/wzi.offner.at\/","name":"Offner Werkzeuge","description":"Wir verarbeiten seit 1755 im Lavanttal in \u00d6sterreich Stahl und Aluminium mit Hilfe optimierter Schmiedetechnik zu Werkzeugen h\u00f6chster G\u00fcte.","potentialAction":[{"@type":"SearchAction","target":{"@type":"EntryPoint","urlTemplate":"https:\/\/wzi.offner.at\/?s={search_term_string}"},"query-input":{"@type":"PropertyValueSpecification","valueRequired":true,"valueName":"search_term_string"}}],"inLanguage":"en-US"}]}},"_links":{"self":[{"href":"https:\/\/wzi.offner.at\/en\/wp-json\/wp\/v2\/product\/3575","targetHints":{"allow":["GET"]}}],"collection":[{"href":"https:\/\/wzi.offner.at\/en\/wp-json\/wp\/v2\/product"}],"about":[{"href":"https:\/\/wzi.offner.at\/en\/wp-json\/wp\/v2\/types\/product"}],"wp:featuredmedia":[{"embeddable":true,"href":"https:\/\/wzi.offner.at\/en\/wp-json\/wp\/v2\/media\/44175"}],"wp:attachment":[{"href":"https:\/\/wzi.offner.at\/en\/wp-json\/wp\/v2\/media?parent=3575"}],"wp:term":[{"taxonomy":"product_brand","embeddable":true,"href":"https:\/\/wzi.offner.at\/en\/wp-json\/wp\/v2\/product_brand?post=3575"},{"taxonomy":"product_cat","embeddable":true,"href":"https:\/\/wzi.offner.at\/en\/wp-json\/wp\/v2\/product_cat?post=3575"},{"taxonomy":"product_tag","embeddable":true,"href":"https:\/\/wzi.offner.at\/en\/wp-json\/wp\/v2\/product_tag?post=3575"}],"curies":[{"name":"wp","href":"https:\/\/api.w.org\/{rel}","templated":true}]}}