{"id":4223,"date":"2018-04-11T06:19:59","date_gmt":"2018-04-11T06:19:59","guid":{"rendered":"https:\/\/wzi.offner.at\/unternehmen\/"},"modified":"2021-02-22T11:36:36","modified_gmt":"2021-02-22T11:36:36","slug":"about-our-company","status":"publish","type":"page","link":"https:\/\/wzi.offner.at\/en\/about-our-company\/","title":{"rendered":"About"},"content":{"rendered":"<div id=\"pl-4223\"  class=\"panel-layout\" ><div class=\"section\"><div id=\"pg-4223-0\"  class=\"panel-grid panel-no-style\" ><div class=\"container\">\n<div class=\"grid\"><div id=\"pgc-4223-0-0\"  class=\"panel-grid-cell\" ><div id=\"panel-4223-0-0-0\" class=\"so-panel widget widget_sow-editor panel-first-child panel-last-child\" data-index=\"0\" ><div\n\t\t\t\n\t\t\tclass=\"so-widget-sow-editor so-widget-sow-editor-base\"\n\t\t\t\n\t\t>\n<div class=\"siteorigin-widget-tinymce textwidget\">\n\t<h2 style=\"text-align: center;\">USING STATE-OF-THE-ART FORGING TECHNOLOGY SINCE 1755 TO PRODUCE HIGH-QUALITY STEEL AND ALUMINIUM TOOLS IN THE LAVANTTAL VALLEY IN AUSTRIA<\/h2>\n<\/div>\n<\/div><\/div><\/div><\/div><\/div><\/div><\/div><div class=\"section\"><div id=\"pg-4223-1\"  class=\"panel-grid panel-has-style\" ><div class=\"panel-row-style panel-row-style-for-4223-1\" ><div class=\"padding-vertical\">\n<div class=\"container\">\n<div class=\"grid\"><div id=\"pgc-4223-1-0\"  class=\"panel-grid-cell\" ><div id=\"panel-4223-1-0-0\" class=\"so-panel widget widget_sow-editor panel-first-child panel-last-child\" data-index=\"1\" ><div\n\t\t\t\n\t\t\tclass=\"so-widget-sow-editor so-widget-sow-editor-base\"\n\t\t\t\n\t\t>\n<div class=\"siteorigin-widget-tinymce textwidget\">\n\t<p>Since 1755, Johann Offner Werkzeugindustrie GmbH has manufactured metal products at its site in Wolfsberg in the Lavanttal Valley. Originally a nail and wire factory, the company switched its focus to producing forged hand tools during the 20th century and today is one of Europe\u2019s largest manufacturers of long-handle tools for gardening, agriculture, construction and clearing snow.<\/p>\n<p>It has always been a family business, and it is now in the hands of the eighth generation of the Offner family.<\/p>\n<p>The company\u2019s core focus is processing metals to produce high-quality hand tools. Steel is carefully forged into forks, rakes, hoes and scythes which are used worldwide, while pressing, forming, hardening and finishing high-quality steel and aluminium produces durable spades, shovels and snow clearing tools that meet all the demands of their users, however challenging.<\/p>\n<p>But it\u2019s the people who work for Offner who are the beating heart of the company. The team consists of experienced, highly motivated staff whose priority in everything they do is to ensure customers get the best possible products and service. From Purchasing to Production and Sales, around 120 employees work hard every day to make this goal a reality.<\/p>\n<p>The high-quality tools are distributed and sold via wholesale and retail trade using the long-standing partnerships Johann Offner Werkzeugindustrie GmbH has established, and the large number of exports to customers around the world reflects the reputation these tools enjoy.<\/p>\n<\/div>\n<\/div><\/div><\/div><div id=\"pgc-4223-1-1\"  class=\"panel-grid-cell\" ><div id=\"panel-4223-1-1-0\" class=\"so-panel widget widget_sow-editor panel-first-child panel-last-child\" data-index=\"2\" ><div\n\t\t\t\n\t\t\tclass=\"so-widget-sow-editor so-widget-sow-editor-base\"\n\t\t\t\n\t\t>\n<div class=\"siteorigin-widget-tinymce textwidget\">\n\t<p><img loading=\"lazy\" decoding=\"async\" class=\"alignnone wp-image-1133 size-full\" src=\"https:\/\/wzi.offner.at\/wp-content\/uploads\/2019\/03\/unternehmen.jpg\" alt=\"\" width=\"1250\" height=\"907\" srcset=\"https:\/\/wzi.offner.at\/wp-content\/uploads\/2019\/03\/unternehmen.jpg 1250w, https:\/\/wzi.offner.at\/wp-content\/uploads\/2019\/03\/unternehmen-300x218.jpg 300w, https:\/\/wzi.offner.at\/wp-content\/uploads\/2019\/03\/unternehmen-768x557.jpg 768w, https:\/\/wzi.offner.at\/wp-content\/uploads\/2019\/03\/unternehmen-1024x743.jpg 1024w, https:\/\/wzi.offner.at\/wp-content\/uploads\/2019\/03\/unternehmen-600x435.jpg 600w\" sizes=\"auto, (max-width: 1250px) 100vw, 1250px\" \/><\/p>\n<\/div>\n<\/div><\/div><\/div><\/div><\/div><\/div><\/div><\/div><\/div><div class=\"section\"><div id=\"pg-4223-2\"  class=\"panel-grid panel-no-style\" ><div class=\"container\">\n<div class=\"grid\"><div id=\"pgc-4223-2-0\"  class=\"panel-grid-cell\" ><div id=\"panel-4223-2-0-0\" class=\"so-panel widget widget_text panel-first-child panel-last-child\" data-index=\"3\" >\t\t\t<div class=\"textwidget\"><h1>QUALITY<\/h1>\n<\/div>\n\t\t<\/div><\/div><\/div><\/div><\/div><\/div><div class=\"section\"><div id=\"pg-4223-3\"  class=\"panel-grid panel-has-style\" ><div class=\"panel-row-style panel-row-style-for-4223-3\" ><div class=\"padding-vertical\">\n<div class=\"container\">\n<div class=\"grid\"><div id=\"pgc-4223-3-0\"  class=\"panel-grid-cell\" ><div id=\"panel-4223-3-0-0\" class=\"so-panel widget widget_sow-editor panel-first-child panel-last-child\" data-index=\"4\" ><div\n\t\t\t\n\t\t\tclass=\"so-widget-sow-editor so-widget-sow-editor-base\"\n\t\t\t\n\t\t>\n<div class=\"siteorigin-widget-tinymce textwidget\">\n\t<p>The Johann Offner Werkzeugindustrie GmbH philosophy is to use nothing but carefully selected raw materials to produce its robust hand tools, such as steel with a particularly high carbon content, special aluminium alloys and wooden handles made from the highest-grade raw material.<\/p>\n<p>State-of-the-art forging and pressing methods are then used to create the end product at the company\u2019s site in Wolfsberg. Continuous development of production technologies is one of the secrets behind the company\u2019s success, and this expanded manufacturing expertise in turn results in improved products for customers.<\/p>\n<p>But Johann Offner Werkzeugindustrie GmbH knows that quality is about more than just the product. In an industry with high seasonal fluctuations (gardening, harvesting, winter season), high stock levels and quick delivery are among the biggest strengths of this family business. As a producer, it takes advantage of the fact that its machines can be put into operation at any time in order to maintain optimum availability of products for sales partners and trade customers.<br \/>\nAs well as offering expert consultation and being on hand to provide information whenever customers need it, Johann Offner Werkzeugindustrie GmbH considers it a matter of course to offer customised products to bulk purchasers which meet all their requirements.<\/p>\n<p>Back in the 19th century the company operated in accordance with the motto \u201cQuality is our greatest treasure\u201d, and today this philosophy shapes everything that the employees of Johann Offner Werkzeugindustrie GmbH do and helps the company deliver all the products and services that its customers need.<\/p>\n<\/div>\n<\/div><\/div><\/div><div id=\"pgc-4223-3-1\"  class=\"panel-grid-cell\" ><div id=\"panel-4223-3-1-0\" class=\"so-panel widget widget_sow-editor panel-first-child panel-last-child\" data-index=\"5\" ><div\n\t\t\t\n\t\t\tclass=\"so-widget-sow-editor so-widget-sow-editor-base\"\n\t\t\t\n\t\t>\n<div class=\"siteorigin-widget-tinymce textwidget\">\n\t<p><img loading=\"lazy\" decoding=\"async\" class=\"alignnone size-full wp-image-1528\" src=\"https:\/\/wzi.offner.at\/wp-content\/uploads\/2019\/04\/nachhaltigkeit.jpg\" alt=\"\" width=\"1200\" height=\"900\" srcset=\"https:\/\/wzi.offner.at\/wp-content\/uploads\/2019\/04\/nachhaltigkeit.jpg 1200w, https:\/\/wzi.offner.at\/wp-content\/uploads\/2019\/04\/nachhaltigkeit-300x225.jpg 300w, https:\/\/wzi.offner.at\/wp-content\/uploads\/2019\/04\/nachhaltigkeit-768x576.jpg 768w, https:\/\/wzi.offner.at\/wp-content\/uploads\/2019\/04\/nachhaltigkeit-1024x768.jpg 1024w, https:\/\/wzi.offner.at\/wp-content\/uploads\/2019\/04\/nachhaltigkeit-600x450.jpg 600w\" sizes=\"auto, (max-width: 1200px) 100vw, 1200px\" \/><\/p>\n<\/div>\n<\/div><\/div><\/div><\/div><\/div><\/div><\/div><\/div><\/div><div class=\"section\"><div id=\"pg-4223-4\"  class=\"panel-grid panel-no-style\" ><div class=\"container\">\n<div class=\"grid\"><div id=\"pgc-4223-4-0\"  class=\"panel-grid-cell\" ><div id=\"panel-4223-4-0-0\" class=\"so-panel widget widget_text panel-first-child panel-last-child\" data-index=\"6\" >\t\t\t<div class=\"textwidget\"><h1>SUSTAINABILITY<\/h1>\n<\/div>\n\t\t<\/div><\/div><\/div><\/div><\/div><\/div><div class=\"section\"><div id=\"pg-4223-5\"  class=\"panel-grid panel-has-style\" ><div class=\"panel-row-style panel-row-style-for-4223-5\" ><div class=\"padding-vertical\">\n<div class=\"container\">\n<div class=\"grid\"><div id=\"pgc-4223-5-0\"  class=\"panel-grid-cell\" ><div id=\"panel-4223-5-0-0\" class=\"so-panel widget widget_media_image panel-first-child\" data-index=\"7\" ><img loading=\"lazy\" decoding=\"async\" width=\"300\" height=\"209\" src=\"https:\/\/wzi.offner.at\/wp-content\/uploads\/2018\/07\/nachh-rohmat-300x209.jpg\" class=\"image wp-image-158  attachment-medium size-medium\" alt=\"\" style=\"max-width: 100%; height: auto;\" srcset=\"https:\/\/wzi.offner.at\/wp-content\/uploads\/2018\/07\/nachh-rohmat-300x209.jpg 300w, https:\/\/wzi.offner.at\/wp-content\/uploads\/2018\/07\/nachh-rohmat.jpg 305w\" sizes=\"auto, (max-width: 300px) 100vw, 300px\" \/><\/div><div id=\"panel-4223-5-0-1\" class=\"so-panel widget widget_media_image panel-last-child\" data-index=\"8\" ><img loading=\"lazy\" decoding=\"async\" width=\"300\" height=\"209\" src=\"https:\/\/wzi.offner.at\/wp-content\/uploads\/2018\/07\/nachh-energie-300x209.jpg\" class=\"image wp-image-159  attachment-medium size-medium\" alt=\"\" style=\"max-width: 100%; height: auto;\" srcset=\"https:\/\/wzi.offner.at\/wp-content\/uploads\/2018\/07\/nachh-energie-300x209.jpg 300w, https:\/\/wzi.offner.at\/wp-content\/uploads\/2018\/07\/nachh-energie.jpg 305w\" sizes=\"auto, (max-width: 300px) 100vw, 300px\" \/><\/div><\/div><div id=\"pgc-4223-5-1\"  class=\"panel-grid-cell\" ><div id=\"panel-4223-5-1-0\" class=\"so-panel widget widget_text panel-first-child\" data-index=\"9\" >\t\t\t<div class=\"textwidget\"><h2>RAW MATERIALS<\/h2>\n<ul>\n<li>Efficient use of raw materials with optimum utilisation of the necessary materials to avoid waste<\/li>\n<li>Separation of unavoidable waste into recyclable material groups<\/li>\n<li>Handles certified as being produced from sustainable forestry<\/li>\n<\/ul>\n<\/div>\n\t\t<\/div><div id=\"panel-4223-5-1-1\" class=\"so-panel widget widget_sow-editor\" data-index=\"10\" ><div\n\t\t\t\n\t\t\tclass=\"so-widget-sow-editor so-widget-sow-editor-base\"\n\t\t\t\n\t\t>\n<div class=\"siteorigin-widget-tinymce textwidget\">\n\t<\/div>\n<\/div><\/div><div id=\"panel-4223-5-1-2\" class=\"so-panel widget widget_text panel-last-child\" data-index=\"11\" >\t\t\t<div class=\"textwidget\"><h2>ENERGY USE<\/h2>\n<ul>\n<li>Electricity generated from 100% self-produced hydropower<\/li>\n<li>Energy for heating rooms and production facilities and for CO2-neutral drying of the painted products generated by company biomass plant<\/li>\n<\/ul>\n<\/div>\n\t\t<\/div><\/div><\/div><\/div><\/div><\/div><\/div><\/div><\/div>","protected":false},"excerpt":{"rendered":"<p>USING STATE-OF-THE-ART FORGING TECHNOLOGY SINCE 1755 TO PRODUCE HIGH-QUALITY STEEL AND ALUMINIUM TOOLS IN THE LAVANTTAL VALLEY IN AUSTRIA Since 1755, Johann Offner Werkzeugindustrie GmbH has manufactured metal products at its site in Wolfsberg in the Lavanttal Valley. Originally a nail and wire factory, the company switched its focus to producing forged hand tools during [&hellip;]<\/p>\n","protected":false},"author":3,"featured_media":0,"parent":0,"menu_order":0,"comment_status":"closed","ping_status":"closed","template":"page-templates\/page-builder.php","meta":{"_acf_changed":false,"footnotes":""},"class_list":["post-4223","page","type-page","status-publish","hentry"],"acf":[],"yoast_head":"<!-- This site is optimized with the Yoast SEO plugin v26.6 - https:\/\/yoast.com\/wordpress\/plugins\/seo\/ -->\n<title>About - Offner Werkzeuge<\/title>\n<meta name=\"robots\" content=\"index, follow, max-snippet:-1, max-image-preview:large, max-video-preview:-1\" \/>\n<link rel=\"canonical\" href=\"https:\/\/wzi.offner.at\/en\/about-our-company\/\" \/>\n<meta property=\"og:locale\" content=\"en_US\" \/>\n<meta property=\"og:type\" content=\"article\" \/>\n<meta property=\"og:title\" content=\"About - Offner Werkzeuge\" \/>\n<meta property=\"og:description\" content=\"USING STATE-OF-THE-ART FORGING TECHNOLOGY SINCE 1755 TO PRODUCE HIGH-QUALITY STEEL AND ALUMINIUM TOOLS IN THE LAVANTTAL VALLEY IN AUSTRIA Since 1755, Johann Offner Werkzeugindustrie GmbH has manufactured metal products at its site in Wolfsberg in the Lavanttal Valley. Originally a nail and wire factory, the company switched its focus to producing forged hand tools during [&hellip;]\" \/>\n<meta property=\"og:url\" content=\"https:\/\/wzi.offner.at\/en\/about-our-company\/\" \/>\n<meta property=\"og:site_name\" content=\"Offner Werkzeuge\" \/>\n<meta property=\"article:modified_time\" content=\"2021-02-22T11:36:36+00:00\" \/>\n<meta property=\"og:image\" content=\"https:\/\/wzi.offner.at\/wp-content\/uploads\/2019\/03\/unternehmen.jpg\" \/>\n<meta name=\"twitter:card\" content=\"summary_large_image\" \/>\n<meta name=\"twitter:label1\" content=\"Est. reading time\" \/>\n\t<meta name=\"twitter:data1\" content=\"3 minutes\" \/>\n<script type=\"application\/ld+json\" class=\"yoast-schema-graph\">{\"@context\":\"https:\/\/schema.org\",\"@graph\":[{\"@type\":\"WebPage\",\"@id\":\"https:\/\/wzi.offner.at\/en\/about-our-company\/\",\"url\":\"https:\/\/wzi.offner.at\/en\/about-our-company\/\",\"name\":\"About - Offner Werkzeuge\",\"isPartOf\":{\"@id\":\"https:\/\/wzi.offner.at\/#website\"},\"primaryImageOfPage\":{\"@id\":\"https:\/\/wzi.offner.at\/en\/about-our-company\/#primaryimage\"},\"image\":{\"@id\":\"https:\/\/wzi.offner.at\/en\/about-our-company\/#primaryimage\"},\"thumbnailUrl\":\"https:\/\/wzi.offner.at\/wp-content\/uploads\/2019\/03\/unternehmen.jpg\",\"datePublished\":\"2018-04-11T06:19:59+00:00\",\"dateModified\":\"2021-02-22T11:36:36+00:00\",\"breadcrumb\":{\"@id\":\"https:\/\/wzi.offner.at\/en\/about-our-company\/#breadcrumb\"},\"inLanguage\":\"en-US\",\"potentialAction\":[{\"@type\":\"ReadAction\",\"target\":[\"https:\/\/wzi.offner.at\/en\/about-our-company\/\"]}]},{\"@type\":\"ImageObject\",\"inLanguage\":\"en-US\",\"@id\":\"https:\/\/wzi.offner.at\/en\/about-our-company\/#primaryimage\",\"url\":\"https:\/\/wzi.offner.at\/wp-content\/uploads\/2019\/03\/unternehmen.jpg\",\"contentUrl\":\"https:\/\/wzi.offner.at\/wp-content\/uploads\/2019\/03\/unternehmen.jpg\"},{\"@type\":\"BreadcrumbList\",\"@id\":\"https:\/\/wzi.offner.at\/en\/about-our-company\/#breadcrumb\",\"itemListElement\":[{\"@type\":\"ListItem\",\"position\":1,\"name\":\"Startseite\",\"item\":\"https:\/\/wzi.offner.at\/en\/\"},{\"@type\":\"ListItem\",\"position\":2,\"name\":\"About\"}]},{\"@type\":\"WebSite\",\"@id\":\"https:\/\/wzi.offner.at\/#website\",\"url\":\"https:\/\/wzi.offner.at\/\",\"name\":\"Offner Werkzeuge\",\"description\":\"Wir verarbeiten seit 1755 im Lavanttal in \u00d6sterreich Stahl und Aluminium mit Hilfe optimierter Schmiedetechnik zu Werkzeugen h\u00f6chster G\u00fcte.\",\"potentialAction\":[{\"@type\":\"SearchAction\",\"target\":{\"@type\":\"EntryPoint\",\"urlTemplate\":\"https:\/\/wzi.offner.at\/?s={search_term_string}\"},\"query-input\":{\"@type\":\"PropertyValueSpecification\",\"valueRequired\":true,\"valueName\":\"search_term_string\"}}],\"inLanguage\":\"en-US\"}]}<\/script>\n<!-- \/ Yoast SEO plugin. -->","yoast_head_json":{"title":"About - Offner Werkzeuge","robots":{"index":"index","follow":"follow","max-snippet":"max-snippet:-1","max-image-preview":"max-image-preview:large","max-video-preview":"max-video-preview:-1"},"canonical":"https:\/\/wzi.offner.at\/en\/about-our-company\/","og_locale":"en_US","og_type":"article","og_title":"About - Offner Werkzeuge","og_description":"USING STATE-OF-THE-ART FORGING TECHNOLOGY SINCE 1755 TO PRODUCE HIGH-QUALITY STEEL AND ALUMINIUM TOOLS IN THE LAVANTTAL VALLEY IN AUSTRIA Since 1755, Johann Offner Werkzeugindustrie GmbH has manufactured metal products at its site in Wolfsberg in the Lavanttal Valley. Originally a nail and wire factory, the company switched its focus to producing forged hand tools during [&hellip;]","og_url":"https:\/\/wzi.offner.at\/en\/about-our-company\/","og_site_name":"Offner Werkzeuge","article_modified_time":"2021-02-22T11:36:36+00:00","og_image":[{"url":"https:\/\/wzi.offner.at\/wp-content\/uploads\/2019\/03\/unternehmen.jpg","type":"","width":"","height":""}],"twitter_card":"summary_large_image","twitter_misc":{"Est. reading time":"3 minutes"},"schema":{"@context":"https:\/\/schema.org","@graph":[{"@type":"WebPage","@id":"https:\/\/wzi.offner.at\/en\/about-our-company\/","url":"https:\/\/wzi.offner.at\/en\/about-our-company\/","name":"About - Offner Werkzeuge","isPartOf":{"@id":"https:\/\/wzi.offner.at\/#website"},"primaryImageOfPage":{"@id":"https:\/\/wzi.offner.at\/en\/about-our-company\/#primaryimage"},"image":{"@id":"https:\/\/wzi.offner.at\/en\/about-our-company\/#primaryimage"},"thumbnailUrl":"https:\/\/wzi.offner.at\/wp-content\/uploads\/2019\/03\/unternehmen.jpg","datePublished":"2018-04-11T06:19:59+00:00","dateModified":"2021-02-22T11:36:36+00:00","breadcrumb":{"@id":"https:\/\/wzi.offner.at\/en\/about-our-company\/#breadcrumb"},"inLanguage":"en-US","potentialAction":[{"@type":"ReadAction","target":["https:\/\/wzi.offner.at\/en\/about-our-company\/"]}]},{"@type":"ImageObject","inLanguage":"en-US","@id":"https:\/\/wzi.offner.at\/en\/about-our-company\/#primaryimage","url":"https:\/\/wzi.offner.at\/wp-content\/uploads\/2019\/03\/unternehmen.jpg","contentUrl":"https:\/\/wzi.offner.at\/wp-content\/uploads\/2019\/03\/unternehmen.jpg"},{"@type":"BreadcrumbList","@id":"https:\/\/wzi.offner.at\/en\/about-our-company\/#breadcrumb","itemListElement":[{"@type":"ListItem","position":1,"name":"Startseite","item":"https:\/\/wzi.offner.at\/en\/"},{"@type":"ListItem","position":2,"name":"About"}]},{"@type":"WebSite","@id":"https:\/\/wzi.offner.at\/#website","url":"https:\/\/wzi.offner.at\/","name":"Offner Werkzeuge","description":"Wir verarbeiten seit 1755 im Lavanttal in \u00d6sterreich Stahl und Aluminium mit Hilfe optimierter Schmiedetechnik zu Werkzeugen h\u00f6chster G\u00fcte.","potentialAction":[{"@type":"SearchAction","target":{"@type":"EntryPoint","urlTemplate":"https:\/\/wzi.offner.at\/?s={search_term_string}"},"query-input":{"@type":"PropertyValueSpecification","valueRequired":true,"valueName":"search_term_string"}}],"inLanguage":"en-US"}]}},"_links":{"self":[{"href":"https:\/\/wzi.offner.at\/en\/wp-json\/wp\/v2\/pages\/4223","targetHints":{"allow":["GET"]}}],"collection":[{"href":"https:\/\/wzi.offner.at\/en\/wp-json\/wp\/v2\/pages"}],"about":[{"href":"https:\/\/wzi.offner.at\/en\/wp-json\/wp\/v2\/types\/page"}],"author":[{"embeddable":true,"href":"https:\/\/wzi.offner.at\/en\/wp-json\/wp\/v2\/users\/3"}],"replies":[{"embeddable":true,"href":"https:\/\/wzi.offner.at\/en\/wp-json\/wp\/v2\/comments?post=4223"}],"version-history":[{"count":13,"href":"https:\/\/wzi.offner.at\/en\/wp-json\/wp\/v2\/pages\/4223\/revisions"}],"predecessor-version":[{"id":4238,"href":"https:\/\/wzi.offner.at\/en\/wp-json\/wp\/v2\/pages\/4223\/revisions\/4238"}],"wp:attachment":[{"href":"https:\/\/wzi.offner.at\/en\/wp-json\/wp\/v2\/media?parent=4223"}],"curies":[{"name":"wp","href":"https:\/\/api.w.org\/{rel}","templated":true}]}}