{"id":4100,"date":"2021-01-27T14:08:03","date_gmt":"2021-01-27T14:08:03","guid":{"rendered":"https:\/\/wzi.offner.at\/prices-payment-method-and-shipping\/"},"modified":"2026-01-12T10:52:00","modified_gmt":"2026-01-12T10:52:00","slug":"prices-payment-method-and-shipping","status":"publish","type":"page","link":"https:\/\/wzi.offner.at\/en\/prices-payment-method-and-shipping\/","title":{"rendered":"Prices, payment method and shipping"},"content":{"rendered":"<p>The prices stated on the product pages include all price components including applicable duties and taxes. Payment can be made by bank transfer to our bank details stated on the order confirmation and invoice, or by credit card. As soon as the payment has been made, the goods will be reserved for you and shipped within 3-4 working days. The items are always shipped by post.<\/p>\n<p>Shipping costs info:<\/p>\n<ul>\n<li>We deliver to Austria, Germany and Italy.<\/li>\n<li>Delivery within Austria: free shipping<\/li>\n<li>Delivery to Germany: Shipping from EUR 14.90 incl. 19% VAT<\/li>\n<li>Delivery to Italy: Shipping from EUR 14.90 incl. 22% VAT<\/li>\n<\/ul>\n<p>The shipping costs will be clearly displayed again in the shopping cart system and on the order page (\u201cCheckout\u201d).<\/p>\n","protected":false},"excerpt":{"rendered":"<p>The prices stated on the product pages include all price components including applicable duties and taxes. Payment can be made by bank transfer to our bank details stated on the order confirmation and invoice, or by credit card. As soon as the payment has been made, the goods will be reserved for you and shipped [&hellip;]<\/p>\n","protected":false},"author":3,"featured_media":0,"parent":0,"menu_order":0,"comment_status":"closed","ping_status":"closed","template":"","meta":{"_acf_changed":false,"footnotes":""},"class_list":["post-4100","page","type-page","status-publish","hentry"],"acf":[],"yoast_head":"<!-- This site is optimized with the Yoast SEO plugin v26.6 - https:\/\/yoast.com\/wordpress\/plugins\/seo\/ -->\n<title>Prices, payment method and shipping - Offner Werkzeuge<\/title>\n<meta name=\"robots\" content=\"index, follow, max-snippet:-1, max-image-preview:large, max-video-preview:-1\" \/>\n<link rel=\"canonical\" href=\"https:\/\/wzi.offner.at\/en\/prices-payment-method-and-shipping\/\" \/>\n<meta property=\"og:locale\" content=\"en_US\" \/>\n<meta property=\"og:type\" content=\"article\" \/>\n<meta property=\"og:title\" content=\"Prices, payment method and shipping - Offner Werkzeuge\" \/>\n<meta property=\"og:description\" content=\"The prices stated on the product pages include all price components including applicable duties and taxes. Payment can be made by bank transfer to our bank details stated on the order confirmation and invoice, or by credit card. As soon as the payment has been made, the goods will be reserved for you and shipped [&hellip;]\" \/>\n<meta property=\"og:url\" content=\"https:\/\/wzi.offner.at\/en\/prices-payment-method-and-shipping\/\" \/>\n<meta property=\"og:site_name\" content=\"Offner Werkzeuge\" \/>\n<meta property=\"article:modified_time\" content=\"2026-01-12T10:52:00+00:00\" \/>\n<meta name=\"twitter:card\" content=\"summary_large_image\" \/>\n<meta name=\"twitter:label1\" content=\"Est. reading time\" \/>\n\t<meta name=\"twitter:data1\" content=\"1 minute\" \/>\n<script type=\"application\/ld+json\" class=\"yoast-schema-graph\">{\"@context\":\"https:\/\/schema.org\",\"@graph\":[{\"@type\":\"WebPage\",\"@id\":\"https:\/\/wzi.offner.at\/en\/prices-payment-method-and-shipping\/\",\"url\":\"https:\/\/wzi.offner.at\/en\/prices-payment-method-and-shipping\/\",\"name\":\"Prices, payment method and shipping - Offner Werkzeuge\",\"isPartOf\":{\"@id\":\"https:\/\/wzi.offner.at\/#website\"},\"datePublished\":\"2021-01-27T14:08:03+00:00\",\"dateModified\":\"2026-01-12T10:52:00+00:00\",\"breadcrumb\":{\"@id\":\"https:\/\/wzi.offner.at\/en\/prices-payment-method-and-shipping\/#breadcrumb\"},\"inLanguage\":\"en-US\",\"potentialAction\":[{\"@type\":\"ReadAction\",\"target\":[\"https:\/\/wzi.offner.at\/en\/prices-payment-method-and-shipping\/\"]}]},{\"@type\":\"BreadcrumbList\",\"@id\":\"https:\/\/wzi.offner.at\/en\/prices-payment-method-and-shipping\/#breadcrumb\",\"itemListElement\":[{\"@type\":\"ListItem\",\"position\":1,\"name\":\"Startseite\",\"item\":\"https:\/\/wzi.offner.at\/en\/\"},{\"@type\":\"ListItem\",\"position\":2,\"name\":\"Prices, payment method and shipping\"}]},{\"@type\":\"WebSite\",\"@id\":\"https:\/\/wzi.offner.at\/#website\",\"url\":\"https:\/\/wzi.offner.at\/\",\"name\":\"Offner Werkzeuge\",\"description\":\"Wir verarbeiten seit 1755 im Lavanttal in \u00d6sterreich Stahl und Aluminium mit Hilfe optimierter Schmiedetechnik zu Werkzeugen h\u00f6chster G\u00fcte.\",\"potentialAction\":[{\"@type\":\"SearchAction\",\"target\":{\"@type\":\"EntryPoint\",\"urlTemplate\":\"https:\/\/wzi.offner.at\/?s={search_term_string}\"},\"query-input\":{\"@type\":\"PropertyValueSpecification\",\"valueRequired\":true,\"valueName\":\"search_term_string\"}}],\"inLanguage\":\"en-US\"}]}<\/script>\n<!-- \/ Yoast SEO plugin. -->","yoast_head_json":{"title":"Prices, payment method and shipping - Offner Werkzeuge","robots":{"index":"index","follow":"follow","max-snippet":"max-snippet:-1","max-image-preview":"max-image-preview:large","max-video-preview":"max-video-preview:-1"},"canonical":"https:\/\/wzi.offner.at\/en\/prices-payment-method-and-shipping\/","og_locale":"en_US","og_type":"article","og_title":"Prices, payment method and shipping - Offner Werkzeuge","og_description":"The prices stated on the product pages include all price components including applicable duties and taxes. Payment can be made by bank transfer to our bank details stated on the order confirmation and invoice, or by credit card. As soon as the payment has been made, the goods will be reserved for you and shipped [&hellip;]","og_url":"https:\/\/wzi.offner.at\/en\/prices-payment-method-and-shipping\/","og_site_name":"Offner Werkzeuge","article_modified_time":"2026-01-12T10:52:00+00:00","twitter_card":"summary_large_image","twitter_misc":{"Est. reading time":"1 minute"},"schema":{"@context":"https:\/\/schema.org","@graph":[{"@type":"WebPage","@id":"https:\/\/wzi.offner.at\/en\/prices-payment-method-and-shipping\/","url":"https:\/\/wzi.offner.at\/en\/prices-payment-method-and-shipping\/","name":"Prices, payment method and shipping - Offner Werkzeuge","isPartOf":{"@id":"https:\/\/wzi.offner.at\/#website"},"datePublished":"2021-01-27T14:08:03+00:00","dateModified":"2026-01-12T10:52:00+00:00","breadcrumb":{"@id":"https:\/\/wzi.offner.at\/en\/prices-payment-method-and-shipping\/#breadcrumb"},"inLanguage":"en-US","potentialAction":[{"@type":"ReadAction","target":["https:\/\/wzi.offner.at\/en\/prices-payment-method-and-shipping\/"]}]},{"@type":"BreadcrumbList","@id":"https:\/\/wzi.offner.at\/en\/prices-payment-method-and-shipping\/#breadcrumb","itemListElement":[{"@type":"ListItem","position":1,"name":"Startseite","item":"https:\/\/wzi.offner.at\/en\/"},{"@type":"ListItem","position":2,"name":"Prices, payment method and shipping"}]},{"@type":"WebSite","@id":"https:\/\/wzi.offner.at\/#website","url":"https:\/\/wzi.offner.at\/","name":"Offner Werkzeuge","description":"Wir verarbeiten seit 1755 im Lavanttal in \u00d6sterreich Stahl und Aluminium mit Hilfe optimierter Schmiedetechnik zu Werkzeugen h\u00f6chster G\u00fcte.","potentialAction":[{"@type":"SearchAction","target":{"@type":"EntryPoint","urlTemplate":"https:\/\/wzi.offner.at\/?s={search_term_string}"},"query-input":{"@type":"PropertyValueSpecification","valueRequired":true,"valueName":"search_term_string"}}],"inLanguage":"en-US"}]}},"_links":{"self":[{"href":"https:\/\/wzi.offner.at\/en\/wp-json\/wp\/v2\/pages\/4100","targetHints":{"allow":["GET"]}}],"collection":[{"href":"https:\/\/wzi.offner.at\/en\/wp-json\/wp\/v2\/pages"}],"about":[{"href":"https:\/\/wzi.offner.at\/en\/wp-json\/wp\/v2\/types\/page"}],"author":[{"embeddable":true,"href":"https:\/\/wzi.offner.at\/en\/wp-json\/wp\/v2\/users\/3"}],"replies":[{"embeddable":true,"href":"https:\/\/wzi.offner.at\/en\/wp-json\/wp\/v2\/comments?post=4100"}],"version-history":[{"count":3,"href":"https:\/\/wzi.offner.at\/en\/wp-json\/wp\/v2\/pages\/4100\/revisions"}],"predecessor-version":[{"id":39260,"href":"https:\/\/wzi.offner.at\/en\/wp-json\/wp\/v2\/pages\/4100\/revisions\/39260"}],"wp:attachment":[{"href":"https:\/\/wzi.offner.at\/en\/wp-json\/wp\/v2\/media?parent=4100"}],"curies":[{"name":"wp","href":"https:\/\/api.w.org\/{rel}","templated":true}]}}