{"id":2166,"date":"2020-09-08T08:18:21","date_gmt":"2020-09-08T08:18:21","guid":{"rendered":"https:\/\/wzi.offner.at\/data-protection\/"},"modified":"2023-10-23T08:18:00","modified_gmt":"2023-10-23T08:18:00","slug":"privacy","status":"publish","type":"page","link":"https:\/\/wzi.offner.at\/en\/privacy\/","title":{"rendered":"Data protection"},"content":{"rendered":"<p><strong>(Privacy Policy)<\/strong><\/p>\n<p>The protection of your personal data is extremely important to us. We therefore process your data exclusively on the basis of the statutory provisions (GDPR, Austrian Telecommunications Act 2003). We wish to inform you of the most important aspects of data processing with regard to our website.<\/p>\n<p><strong>Contacting us<\/strong><\/p>\n<p>If you contact us via the form on the website or by email, your data will be stored for six months for the purpose of processing your enquiry and in the event of follow-up questions. We will not pass on this data without your consent.<\/p>\n<p><strong>Web analytics and Cookies<\/strong><\/p>\n<p>We do not track our site, so no cookies are used.<\/p>\n<p><strong>Your rights<\/strong><\/p>\n<p>You have the fundamental rights of information, rectification, erasure, restriction, data portability, withdrawal and objection. If you believe that the processing of your data violates data protection law or that your data protection rights have otherwise been violated in any way, you can complain to the supervisory authority. In Austria this is the Data Protection Authority (Datenschutzbeh\u00f6rde).<\/p>\n<p><strong>Our contact details<\/strong>:<\/p>\n<p>Joh. Offner Verwaltung und Vertrieb GmbH<\/p>\n<p>Schwemmtratten 7<br \/>\n9400 Wolfsberg<br \/>\nAustria<\/p>\n<p>Phone: <a href=\"tel: +43435227310\">+43 (0)4352 2731 0<\/a><br \/>\nFax: +43 (0)4352 2731 334<\/p>\n","protected":false},"excerpt":{"rendered":"<p>(Privacy Policy) The protection of your personal data is extremely important to us. We therefore process your data exclusively on the basis of the statutory provisions (GDPR, Austrian Telecommunications Act 2003). We wish to inform you of the most important aspects of data processing with regard to our website. Contacting us If you contact us [&hellip;]<\/p>\n","protected":false},"author":3,"featured_media":0,"parent":0,"menu_order":0,"comment_status":"closed","ping_status":"closed","template":"","meta":{"_acf_changed":false,"footnotes":""},"class_list":["post-2166","page","type-page","status-publish","hentry"],"acf":[],"yoast_head":"<!-- This site is optimized with the Yoast SEO plugin v26.6 - https:\/\/yoast.com\/wordpress\/plugins\/seo\/ -->\n<title>Data protection - Offner Werkzeuge<\/title>\n<meta name=\"robots\" content=\"index, follow, max-snippet:-1, max-image-preview:large, max-video-preview:-1\" \/>\n<link rel=\"canonical\" href=\"https:\/\/wzi.offner.at\/en\/privacy\/\" \/>\n<meta property=\"og:locale\" content=\"en_US\" \/>\n<meta property=\"og:type\" content=\"article\" \/>\n<meta property=\"og:title\" content=\"Data protection - Offner Werkzeuge\" \/>\n<meta property=\"og:description\" content=\"(Privacy Policy) The protection of your personal data is extremely important to us. We therefore process your data exclusively on the basis of the statutory provisions (GDPR, Austrian Telecommunications Act 2003). We wish to inform you of the most important aspects of data processing with regard to our website. Contacting us If you contact us [&hellip;]\" \/>\n<meta property=\"og:url\" content=\"https:\/\/wzi.offner.at\/en\/privacy\/\" \/>\n<meta property=\"og:site_name\" content=\"Offner Werkzeuge\" \/>\n<meta property=\"article:modified_time\" content=\"2023-10-23T08:18:00+00:00\" \/>\n<meta name=\"twitter:card\" content=\"summary_large_image\" \/>\n<meta name=\"twitter:label1\" content=\"Est. reading time\" \/>\n\t<meta name=\"twitter:data1\" content=\"2 minutes\" \/>\n<script type=\"application\/ld+json\" class=\"yoast-schema-graph\">{\"@context\":\"https:\/\/schema.org\",\"@graph\":[{\"@type\":\"WebPage\",\"@id\":\"https:\/\/wzi.offner.at\/en\/privacy\/\",\"url\":\"https:\/\/wzi.offner.at\/en\/privacy\/\",\"name\":\"Data protection - Offner Werkzeuge\",\"isPartOf\":{\"@id\":\"https:\/\/wzi.offner.at\/#website\"},\"datePublished\":\"2020-09-08T08:18:21+00:00\",\"dateModified\":\"2023-10-23T08:18:00+00:00\",\"breadcrumb\":{\"@id\":\"https:\/\/wzi.offner.at\/en\/privacy\/#breadcrumb\"},\"inLanguage\":\"en-US\",\"potentialAction\":[{\"@type\":\"ReadAction\",\"target\":[\"https:\/\/wzi.offner.at\/en\/privacy\/\"]}]},{\"@type\":\"BreadcrumbList\",\"@id\":\"https:\/\/wzi.offner.at\/en\/privacy\/#breadcrumb\",\"itemListElement\":[{\"@type\":\"ListItem\",\"position\":1,\"name\":\"Startseite\",\"item\":\"https:\/\/wzi.offner.at\/en\/\"},{\"@type\":\"ListItem\",\"position\":2,\"name\":\"Data protection\"}]},{\"@type\":\"WebSite\",\"@id\":\"https:\/\/wzi.offner.at\/#website\",\"url\":\"https:\/\/wzi.offner.at\/\",\"name\":\"Offner Werkzeuge\",\"description\":\"Wir verarbeiten seit 1755 im Lavanttal in \u00d6sterreich Stahl und Aluminium mit Hilfe optimierter Schmiedetechnik zu Werkzeugen h\u00f6chster G\u00fcte.\",\"potentialAction\":[{\"@type\":\"SearchAction\",\"target\":{\"@type\":\"EntryPoint\",\"urlTemplate\":\"https:\/\/wzi.offner.at\/?s={search_term_string}\"},\"query-input\":{\"@type\":\"PropertyValueSpecification\",\"valueRequired\":true,\"valueName\":\"search_term_string\"}}],\"inLanguage\":\"en-US\"}]}<\/script>\n<!-- \/ Yoast SEO plugin. -->","yoast_head_json":{"title":"Data protection - Offner Werkzeuge","robots":{"index":"index","follow":"follow","max-snippet":"max-snippet:-1","max-image-preview":"max-image-preview:large","max-video-preview":"max-video-preview:-1"},"canonical":"https:\/\/wzi.offner.at\/en\/privacy\/","og_locale":"en_US","og_type":"article","og_title":"Data protection - Offner Werkzeuge","og_description":"(Privacy Policy) The protection of your personal data is extremely important to us. We therefore process your data exclusively on the basis of the statutory provisions (GDPR, Austrian Telecommunications Act 2003). We wish to inform you of the most important aspects of data processing with regard to our website. Contacting us If you contact us [&hellip;]","og_url":"https:\/\/wzi.offner.at\/en\/privacy\/","og_site_name":"Offner Werkzeuge","article_modified_time":"2023-10-23T08:18:00+00:00","twitter_card":"summary_large_image","twitter_misc":{"Est. reading time":"2 minutes"},"schema":{"@context":"https:\/\/schema.org","@graph":[{"@type":"WebPage","@id":"https:\/\/wzi.offner.at\/en\/privacy\/","url":"https:\/\/wzi.offner.at\/en\/privacy\/","name":"Data protection - Offner Werkzeuge","isPartOf":{"@id":"https:\/\/wzi.offner.at\/#website"},"datePublished":"2020-09-08T08:18:21+00:00","dateModified":"2023-10-23T08:18:00+00:00","breadcrumb":{"@id":"https:\/\/wzi.offner.at\/en\/privacy\/#breadcrumb"},"inLanguage":"en-US","potentialAction":[{"@type":"ReadAction","target":["https:\/\/wzi.offner.at\/en\/privacy\/"]}]},{"@type":"BreadcrumbList","@id":"https:\/\/wzi.offner.at\/en\/privacy\/#breadcrumb","itemListElement":[{"@type":"ListItem","position":1,"name":"Startseite","item":"https:\/\/wzi.offner.at\/en\/"},{"@type":"ListItem","position":2,"name":"Data protection"}]},{"@type":"WebSite","@id":"https:\/\/wzi.offner.at\/#website","url":"https:\/\/wzi.offner.at\/","name":"Offner Werkzeuge","description":"Wir verarbeiten seit 1755 im Lavanttal in \u00d6sterreich Stahl und Aluminium mit Hilfe optimierter Schmiedetechnik zu Werkzeugen h\u00f6chster G\u00fcte.","potentialAction":[{"@type":"SearchAction","target":{"@type":"EntryPoint","urlTemplate":"https:\/\/wzi.offner.at\/?s={search_term_string}"},"query-input":{"@type":"PropertyValueSpecification","valueRequired":true,"valueName":"search_term_string"}}],"inLanguage":"en-US"}]}},"_links":{"self":[{"href":"https:\/\/wzi.offner.at\/en\/wp-json\/wp\/v2\/pages\/2166","targetHints":{"allow":["GET"]}}],"collection":[{"href":"https:\/\/wzi.offner.at\/en\/wp-json\/wp\/v2\/pages"}],"about":[{"href":"https:\/\/wzi.offner.at\/en\/wp-json\/wp\/v2\/types\/page"}],"author":[{"embeddable":true,"href":"https:\/\/wzi.offner.at\/en\/wp-json\/wp\/v2\/users\/3"}],"replies":[{"embeddable":true,"href":"https:\/\/wzi.offner.at\/en\/wp-json\/wp\/v2\/comments?post=2166"}],"version-history":[{"count":7,"href":"https:\/\/wzi.offner.at\/en\/wp-json\/wp\/v2\/pages\/2166\/revisions"}],"predecessor-version":[{"id":16168,"href":"https:\/\/wzi.offner.at\/en\/wp-json\/wp\/v2\/pages\/2166\/revisions\/16168"}],"wp:attachment":[{"href":"https:\/\/wzi.offner.at\/en\/wp-json\/wp\/v2\/media?parent=2166"}],"curies":[{"name":"wp","href":"https:\/\/api.w.org\/{rel}","templated":true}]}}