{"id":2165,"date":"2020-09-08T08:18:20","date_gmt":"2020-09-08T08:18:20","guid":{"rendered":"https:\/\/wzi.offner.at\/company-information\/"},"modified":"2023-10-23T08:15:01","modified_gmt":"2023-10-23T08:15:01","slug":"company-information","status":"publish","type":"page","link":"https:\/\/wzi.offner.at\/en\/company-information\/","title":{"rendered":"Company information"},"content":{"rendered":"<p>Johann Offner Werkzeugindustrie Ges.m.b.H.<br \/>\nSchwemmtratten 7<br \/>\n9400 Wolfsberg<br \/>\nAustria<\/p>\n<p>Phone: <a href=\"tel: 0043435227310\">+43 (0) 4352 2731 0<\/a><br \/>\nFax: +43 (0) 4352 2731 334<\/p>\n<p>UID\/VAT No. ATU27011907<br \/>\nCommercial Register No. FN119352v<br \/>\nState court: Klagenfurt<\/p>\n<p><strong>Responsible for the content:<\/strong><br \/>\nJoh. Offner Verwaltung und Vertrieb GmbH<\/p>\n<p>All information on this website has been thoroughly checked for accuracy.<br \/>\nHowever, Joh. Offner Verwaltung und Vertrieb GmbH does not assume any liability for incorrect information.<\/p>\n<p><strong>Legal notice:<\/strong><br \/>\nAll photos, texts and other elements featured on this website are subject to the copyright of Joh. Offner Verwaltung und Vertrieb GmbH and are the property of Joh. Offner Verwaltung und Vertrieb GmbH. The commercial use of content of any kind requires the prior consent of Joh. Offner Verwaltung und Vertrieb GmbH.<\/p>\n","protected":false},"excerpt":{"rendered":"<p>Johann Offner Werkzeugindustrie Ges.m.b.H. Schwemmtratten 7 9400 Wolfsberg Austria Phone: +43 (0) 4352 2731 0 Fax: +43 (0) 4352 2731 334 UID\/VAT No. ATU27011907 Commercial Register No. FN119352v State court: Klagenfurt Responsible for the content: Joh. Offner Verwaltung und Vertrieb GmbH All information on this website has been thoroughly checked for accuracy. However, Joh. Offner [&hellip;]<\/p>\n","protected":false},"author":3,"featured_media":0,"parent":0,"menu_order":0,"comment_status":"closed","ping_status":"closed","template":"","meta":{"_acf_changed":false,"footnotes":""},"class_list":["post-2165","page","type-page","status-publish","hentry"],"acf":[],"yoast_head":"<!-- This site is optimized with the Yoast SEO plugin v26.6 - https:\/\/yoast.com\/wordpress\/plugins\/seo\/ -->\n<title>Company information - Offner Werkzeuge<\/title>\n<meta name=\"robots\" content=\"index, follow, max-snippet:-1, max-image-preview:large, max-video-preview:-1\" \/>\n<link rel=\"canonical\" href=\"https:\/\/wzi.offner.at\/en\/company-information\/\" \/>\n<meta property=\"og:locale\" content=\"en_US\" \/>\n<meta property=\"og:type\" content=\"article\" \/>\n<meta property=\"og:title\" content=\"Company information - Offner Werkzeuge\" \/>\n<meta property=\"og:description\" content=\"Johann Offner Werkzeugindustrie Ges.m.b.H. Schwemmtratten 7 9400 Wolfsberg Austria Phone: +43 (0) 4352 2731 0 Fax: +43 (0) 4352 2731 334 UID\/VAT No. ATU27011907 Commercial Register No. FN119352v State court: Klagenfurt Responsible for the content: Joh. Offner Verwaltung und Vertrieb GmbH All information on this website has been thoroughly checked for accuracy. However, Joh. Offner [&hellip;]\" \/>\n<meta property=\"og:url\" content=\"https:\/\/wzi.offner.at\/en\/company-information\/\" \/>\n<meta property=\"og:site_name\" content=\"Offner Werkzeuge\" \/>\n<meta property=\"article:modified_time\" content=\"2023-10-23T08:15:01+00:00\" \/>\n<meta name=\"twitter:card\" content=\"summary_large_image\" \/>\n<meta name=\"twitter:label1\" content=\"Est. reading time\" \/>\n\t<meta name=\"twitter:data1\" content=\"1 minute\" \/>\n<script type=\"application\/ld+json\" class=\"yoast-schema-graph\">{\"@context\":\"https:\/\/schema.org\",\"@graph\":[{\"@type\":\"WebPage\",\"@id\":\"https:\/\/wzi.offner.at\/en\/company-information\/\",\"url\":\"https:\/\/wzi.offner.at\/en\/company-information\/\",\"name\":\"Company information - Offner Werkzeuge\",\"isPartOf\":{\"@id\":\"https:\/\/wzi.offner.at\/#website\"},\"datePublished\":\"2020-09-08T08:18:20+00:00\",\"dateModified\":\"2023-10-23T08:15:01+00:00\",\"breadcrumb\":{\"@id\":\"https:\/\/wzi.offner.at\/en\/company-information\/#breadcrumb\"},\"inLanguage\":\"en-US\",\"potentialAction\":[{\"@type\":\"ReadAction\",\"target\":[\"https:\/\/wzi.offner.at\/en\/company-information\/\"]}]},{\"@type\":\"BreadcrumbList\",\"@id\":\"https:\/\/wzi.offner.at\/en\/company-information\/#breadcrumb\",\"itemListElement\":[{\"@type\":\"ListItem\",\"position\":1,\"name\":\"Startseite\",\"item\":\"https:\/\/wzi.offner.at\/en\/\"},{\"@type\":\"ListItem\",\"position\":2,\"name\":\"Company information\"}]},{\"@type\":\"WebSite\",\"@id\":\"https:\/\/wzi.offner.at\/#website\",\"url\":\"https:\/\/wzi.offner.at\/\",\"name\":\"Offner Werkzeuge\",\"description\":\"Wir verarbeiten seit 1755 im Lavanttal in \u00d6sterreich Stahl und Aluminium mit Hilfe optimierter Schmiedetechnik zu Werkzeugen h\u00f6chster G\u00fcte.\",\"potentialAction\":[{\"@type\":\"SearchAction\",\"target\":{\"@type\":\"EntryPoint\",\"urlTemplate\":\"https:\/\/wzi.offner.at\/?s={search_term_string}\"},\"query-input\":{\"@type\":\"PropertyValueSpecification\",\"valueRequired\":true,\"valueName\":\"search_term_string\"}}],\"inLanguage\":\"en-US\"}]}<\/script>\n<!-- \/ Yoast SEO plugin. -->","yoast_head_json":{"title":"Company information - Offner Werkzeuge","robots":{"index":"index","follow":"follow","max-snippet":"max-snippet:-1","max-image-preview":"max-image-preview:large","max-video-preview":"max-video-preview:-1"},"canonical":"https:\/\/wzi.offner.at\/en\/company-information\/","og_locale":"en_US","og_type":"article","og_title":"Company information - Offner Werkzeuge","og_description":"Johann Offner Werkzeugindustrie Ges.m.b.H. Schwemmtratten 7 9400 Wolfsberg Austria Phone: +43 (0) 4352 2731 0 Fax: +43 (0) 4352 2731 334 UID\/VAT No. ATU27011907 Commercial Register No. FN119352v State court: Klagenfurt Responsible for the content: Joh. Offner Verwaltung und Vertrieb GmbH All information on this website has been thoroughly checked for accuracy. However, Joh. Offner [&hellip;]","og_url":"https:\/\/wzi.offner.at\/en\/company-information\/","og_site_name":"Offner Werkzeuge","article_modified_time":"2023-10-23T08:15:01+00:00","twitter_card":"summary_large_image","twitter_misc":{"Est. reading time":"1 minute"},"schema":{"@context":"https:\/\/schema.org","@graph":[{"@type":"WebPage","@id":"https:\/\/wzi.offner.at\/en\/company-information\/","url":"https:\/\/wzi.offner.at\/en\/company-information\/","name":"Company information - Offner Werkzeuge","isPartOf":{"@id":"https:\/\/wzi.offner.at\/#website"},"datePublished":"2020-09-08T08:18:20+00:00","dateModified":"2023-10-23T08:15:01+00:00","breadcrumb":{"@id":"https:\/\/wzi.offner.at\/en\/company-information\/#breadcrumb"},"inLanguage":"en-US","potentialAction":[{"@type":"ReadAction","target":["https:\/\/wzi.offner.at\/en\/company-information\/"]}]},{"@type":"BreadcrumbList","@id":"https:\/\/wzi.offner.at\/en\/company-information\/#breadcrumb","itemListElement":[{"@type":"ListItem","position":1,"name":"Startseite","item":"https:\/\/wzi.offner.at\/en\/"},{"@type":"ListItem","position":2,"name":"Company information"}]},{"@type":"WebSite","@id":"https:\/\/wzi.offner.at\/#website","url":"https:\/\/wzi.offner.at\/","name":"Offner Werkzeuge","description":"Wir verarbeiten seit 1755 im Lavanttal in \u00d6sterreich Stahl und Aluminium mit Hilfe optimierter Schmiedetechnik zu Werkzeugen h\u00f6chster G\u00fcte.","potentialAction":[{"@type":"SearchAction","target":{"@type":"EntryPoint","urlTemplate":"https:\/\/wzi.offner.at\/?s={search_term_string}"},"query-input":{"@type":"PropertyValueSpecification","valueRequired":true,"valueName":"search_term_string"}}],"inLanguage":"en-US"}]}},"_links":{"self":[{"href":"https:\/\/wzi.offner.at\/en\/wp-json\/wp\/v2\/pages\/2165","targetHints":{"allow":["GET"]}}],"collection":[{"href":"https:\/\/wzi.offner.at\/en\/wp-json\/wp\/v2\/pages"}],"about":[{"href":"https:\/\/wzi.offner.at\/en\/wp-json\/wp\/v2\/types\/page"}],"author":[{"embeddable":true,"href":"https:\/\/wzi.offner.at\/en\/wp-json\/wp\/v2\/users\/3"}],"replies":[{"embeddable":true,"href":"https:\/\/wzi.offner.at\/en\/wp-json\/wp\/v2\/comments?post=2165"}],"version-history":[{"count":3,"href":"https:\/\/wzi.offner.at\/en\/wp-json\/wp\/v2\/pages\/2165\/revisions"}],"predecessor-version":[{"id":16165,"href":"https:\/\/wzi.offner.at\/en\/wp-json\/wp\/v2\/pages\/2165\/revisions\/16165"}],"wp:attachment":[{"href":"https:\/\/wzi.offner.at\/en\/wp-json\/wp\/v2\/media?parent=2165"}],"curies":[{"name":"wp","href":"https:\/\/api.w.org\/{rel}","templated":true}]}}