{"id":2164,"date":"2020-09-08T08:18:20","date_gmt":"2020-09-08T08:18:20","guid":{"rendered":"https:\/\/wzi.offner.at\/contact\/"},"modified":"2023-02-06T11:53:16","modified_gmt":"2023-02-06T11:53:16","slug":"contact","status":"publish","type":"page","link":"https:\/\/wzi.offner.at\/en\/contact\/","title":{"rendered":"Contact"},"content":{"rendered":"<div id=\"pl-2164\"  class=\"panel-layout\" ><div class=\"section\"><div id=\"pg-2164-0\"  class=\"panel-grid panel-no-style\" ><div class=\"container\">\n<div class=\"grid\"><div id=\"pgc-2164-0-0\"  class=\"panel-grid-cell panel-grid-cell-empty\" ><\/div><div id=\"pgc-2164-0-1\"  class=\"panel-grid-cell\" ><div id=\"panel-2164-0-1-0\" class=\"so-panel widget widget_media_image panel-first-child panel-last-child\" data-index=\"0\" ><img loading=\"lazy\" decoding=\"async\" width=\"135\" height=\"190\" src=\"https:\/\/wzi.offner.at\/wp-content\/uploads\/2021\/02\/summer.jpg\" class=\"image wp-image-4214  attachment-full size-full\" alt=\"\" style=\"max-width: 100%; height: auto;\" \/><\/div><\/div><div id=\"pgc-2164-0-2\"  class=\"panel-grid-cell panel-grid-cell-mobile-last\" ><div id=\"panel-2164-0-2-0\" class=\"so-panel widget widget_sow-editor panel-first-child panel-last-child\" data-index=\"1\" ><div\n\t\t\t\n\t\t\tclass=\"so-widget-sow-editor so-widget-sow-editor-base\"\n\t\t\t\n\t\t>\n<div class=\"siteorigin-widget-tinymce textwidget\">\n\t<p><strong>Mag. Bernd Summer<\/strong><br \/>\nSales<\/p>\n<p>Schwemmtratten 7<br \/>\n9400 Wolfsberg, Austria<\/p>\n<p>Phone: <span style=\"text-decoration: underline;\"><a href=\"tel: 004343522731330\">+43 (0)4352\/2731-330<\/a> <\/span><br \/>\nFax: +43 (0) 4352 2731 334<br \/>\nE-Mail: <a href=\"mailto:sales@offner.at\">sales@offner.at<\/a><\/p>\n<\/div>\n<\/div><\/div><\/div><div id=\"pgc-2164-0-3\"  class=\"panel-grid-cell panel-grid-cell-empty\" ><\/div><\/div><\/div><\/div><\/div><\/div>","protected":false},"excerpt":{"rendered":"<p>Mag. Bernd Summer Sales Schwemmtratten 7 9400 Wolfsberg, Austria Phone: +43 (0)4352\/2731-330 Fax: +43 (0) 4352 2731 334 E-Mail: sales@offner.at<\/p>\n","protected":false},"author":3,"featured_media":0,"parent":0,"menu_order":0,"comment_status":"closed","ping_status":"closed","template":"","meta":{"_acf_changed":false,"footnotes":""},"class_list":["post-2164","page","type-page","status-publish","hentry"],"acf":[],"yoast_head":"<!-- This site is optimized with the Yoast SEO plugin v26.6 - https:\/\/yoast.com\/wordpress\/plugins\/seo\/ -->\n<title>Contact - Offner Werkzeuge<\/title>\n<meta name=\"robots\" content=\"index, follow, max-snippet:-1, max-image-preview:large, max-video-preview:-1\" \/>\n<link rel=\"canonical\" href=\"https:\/\/wzi.offner.at\/en\/contact\/\" \/>\n<meta property=\"og:locale\" content=\"en_US\" \/>\n<meta property=\"og:type\" content=\"article\" \/>\n<meta property=\"og:title\" content=\"Contact - Offner Werkzeuge\" \/>\n<meta property=\"og:description\" content=\"Mag. Bernd Summer Sales Schwemmtratten 7 9400 Wolfsberg, Austria Phone: +43 (0)4352\/2731-330 Fax: +43 (0) 4352 2731 334 E-Mail: sales@offner.at\" \/>\n<meta property=\"og:url\" content=\"https:\/\/wzi.offner.at\/en\/contact\/\" \/>\n<meta property=\"og:site_name\" content=\"Offner Werkzeuge\" \/>\n<meta property=\"article:modified_time\" content=\"2023-02-06T11:53:16+00:00\" \/>\n<meta name=\"twitter:card\" content=\"summary_large_image\" \/>\n<script type=\"application\/ld+json\" class=\"yoast-schema-graph\">{\"@context\":\"https:\/\/schema.org\",\"@graph\":[{\"@type\":\"WebPage\",\"@id\":\"https:\/\/wzi.offner.at\/en\/contact\/\",\"url\":\"https:\/\/wzi.offner.at\/en\/contact\/\",\"name\":\"Contact - Offner Werkzeuge\",\"isPartOf\":{\"@id\":\"https:\/\/wzi.offner.at\/#website\"},\"datePublished\":\"2020-09-08T08:18:20+00:00\",\"dateModified\":\"2023-02-06T11:53:16+00:00\",\"breadcrumb\":{\"@id\":\"https:\/\/wzi.offner.at\/en\/contact\/#breadcrumb\"},\"inLanguage\":\"en-US\",\"potentialAction\":[{\"@type\":\"ReadAction\",\"target\":[\"https:\/\/wzi.offner.at\/en\/contact\/\"]}]},{\"@type\":\"BreadcrumbList\",\"@id\":\"https:\/\/wzi.offner.at\/en\/contact\/#breadcrumb\",\"itemListElement\":[{\"@type\":\"ListItem\",\"position\":1,\"name\":\"Startseite\",\"item\":\"https:\/\/wzi.offner.at\/en\/\"},{\"@type\":\"ListItem\",\"position\":2,\"name\":\"Contact\"}]},{\"@type\":\"WebSite\",\"@id\":\"https:\/\/wzi.offner.at\/#website\",\"url\":\"https:\/\/wzi.offner.at\/\",\"name\":\"Offner Werkzeuge\",\"description\":\"Wir verarbeiten seit 1755 im Lavanttal in \u00d6sterreich Stahl und Aluminium mit Hilfe optimierter Schmiedetechnik zu Werkzeugen h\u00f6chster G\u00fcte.\",\"potentialAction\":[{\"@type\":\"SearchAction\",\"target\":{\"@type\":\"EntryPoint\",\"urlTemplate\":\"https:\/\/wzi.offner.at\/?s={search_term_string}\"},\"query-input\":{\"@type\":\"PropertyValueSpecification\",\"valueRequired\":true,\"valueName\":\"search_term_string\"}}],\"inLanguage\":\"en-US\"}]}<\/script>\n<!-- \/ Yoast SEO plugin. -->","yoast_head_json":{"title":"Contact - Offner Werkzeuge","robots":{"index":"index","follow":"follow","max-snippet":"max-snippet:-1","max-image-preview":"max-image-preview:large","max-video-preview":"max-video-preview:-1"},"canonical":"https:\/\/wzi.offner.at\/en\/contact\/","og_locale":"en_US","og_type":"article","og_title":"Contact - Offner Werkzeuge","og_description":"Mag. Bernd Summer Sales Schwemmtratten 7 9400 Wolfsberg, Austria Phone: +43 (0)4352\/2731-330 Fax: +43 (0) 4352 2731 334 E-Mail: sales@offner.at","og_url":"https:\/\/wzi.offner.at\/en\/contact\/","og_site_name":"Offner Werkzeuge","article_modified_time":"2023-02-06T11:53:16+00:00","twitter_card":"summary_large_image","schema":{"@context":"https:\/\/schema.org","@graph":[{"@type":"WebPage","@id":"https:\/\/wzi.offner.at\/en\/contact\/","url":"https:\/\/wzi.offner.at\/en\/contact\/","name":"Contact - Offner Werkzeuge","isPartOf":{"@id":"https:\/\/wzi.offner.at\/#website"},"datePublished":"2020-09-08T08:18:20+00:00","dateModified":"2023-02-06T11:53:16+00:00","breadcrumb":{"@id":"https:\/\/wzi.offner.at\/en\/contact\/#breadcrumb"},"inLanguage":"en-US","potentialAction":[{"@type":"ReadAction","target":["https:\/\/wzi.offner.at\/en\/contact\/"]}]},{"@type":"BreadcrumbList","@id":"https:\/\/wzi.offner.at\/en\/contact\/#breadcrumb","itemListElement":[{"@type":"ListItem","position":1,"name":"Startseite","item":"https:\/\/wzi.offner.at\/en\/"},{"@type":"ListItem","position":2,"name":"Contact"}]},{"@type":"WebSite","@id":"https:\/\/wzi.offner.at\/#website","url":"https:\/\/wzi.offner.at\/","name":"Offner Werkzeuge","description":"Wir verarbeiten seit 1755 im Lavanttal in \u00d6sterreich Stahl und Aluminium mit Hilfe optimierter Schmiedetechnik zu Werkzeugen h\u00f6chster G\u00fcte.","potentialAction":[{"@type":"SearchAction","target":{"@type":"EntryPoint","urlTemplate":"https:\/\/wzi.offner.at\/?s={search_term_string}"},"query-input":{"@type":"PropertyValueSpecification","valueRequired":true,"valueName":"search_term_string"}}],"inLanguage":"en-US"}]}},"_links":{"self":[{"href":"https:\/\/wzi.offner.at\/en\/wp-json\/wp\/v2\/pages\/2164","targetHints":{"allow":["GET"]}}],"collection":[{"href":"https:\/\/wzi.offner.at\/en\/wp-json\/wp\/v2\/pages"}],"about":[{"href":"https:\/\/wzi.offner.at\/en\/wp-json\/wp\/v2\/types\/page"}],"author":[{"embeddable":true,"href":"https:\/\/wzi.offner.at\/en\/wp-json\/wp\/v2\/users\/3"}],"replies":[{"embeddable":true,"href":"https:\/\/wzi.offner.at\/en\/wp-json\/wp\/v2\/comments?post=2164"}],"version-history":[{"count":10,"href":"https:\/\/wzi.offner.at\/en\/wp-json\/wp\/v2\/pages\/2164\/revisions"}],"predecessor-version":[{"id":5608,"href":"https:\/\/wzi.offner.at\/en\/wp-json\/wp\/v2\/pages\/2164\/revisions\/5608"}],"wp:attachment":[{"href":"https:\/\/wzi.offner.at\/en\/wp-json\/wp\/v2\/media?parent=2164"}],"curies":[{"name":"wp","href":"https:\/\/api.w.org\/{rel}","templated":true}]}}