{"id":2160,"date":"2020-09-08T08:17:21","date_gmt":"2020-09-08T08:17:21","guid":{"rendered":"https:\/\/wzi.offner.at\/catalogues\/"},"modified":"2021-02-22T11:37:52","modified_gmt":"2021-02-22T11:37:52","slug":"catalogues","status":"publish","type":"page","link":"https:\/\/wzi.offner.at\/en\/catalogues\/","title":{"rendered":"Catalogues"},"content":{"rendered":"<div id=\"pl-2160\"  class=\"panel-layout\" ><div class=\"section\"><div id=\"pg-2160-0\"  class=\"panel-grid panel-no-style\" ><div class=\"container\">\n<div class=\"grid\"><div id=\"pgc-2160-0-0\"  class=\"panel-grid-cell\" ><div id=\"panel-2160-0-0-0\" class=\"so-panel widget widget_layerslider_widget layerslider_widget panel-first-child panel-last-child\" data-index=\"0\" ><div id=\"layerslider_3_fga4tj2xtugk\"  class=\"ls-wp-container fitvidsignore ls-selectable\" style=\"width:563px;height:564px;margin:0 auto;margin-bottom: 0px;\"><div class=\"ls-slide\" ><a style=\"\" class=\"ls-l\" href=\"https:\/\/wzi.offner.at\/wp-content\/uploads\/2023\/07\/Winterprogramm-2023.pdf\" target=\"_blank\" data-ls=\"hover:true;hovereasingin:easeInOutQuint;hoverscalex:1.1;hoverscaley:1.1;position:relative;\"><img loading=\"lazy\" decoding=\"async\" width=\"563\" height=\"564\" src=\"https:\/\/wzi.offner.at\/wp-content\/uploads\/2024\/04\/Download-Winterkatalog.jpg\" class=\"ls-img-layer\" alt=\"\" srcset=\"https:\/\/wzi.offner.at\/wp-content\/uploads\/2024\/04\/Download-Winterkatalog.jpg 563w, https:\/\/wzi.offner.at\/wp-content\/uploads\/2024\/04\/Download-Winterkatalog-300x301.jpg 300w, https:\/\/wzi.offner.at\/wp-content\/uploads\/2024\/04\/Download-Winterkatalog-150x150.jpg 150w, https:\/\/wzi.offner.at\/wp-content\/uploads\/2024\/04\/Download-Winterkatalog-100x100.jpg 100w\" sizes=\"auto, (max-width: 563px) 100vw, 563px\" style=\"top:0px;left:0px;\"><\/a><a style=\"\" class=\"ls-l\" href=\"https:\/\/wzi.offner.at\/wp-content\/uploads\/2023\/07\/Winterprogramm-2023.pdf\" target=\"_blank\" data-ls=\"hover:true;hoveroffsety:5;hovereasingin:easeInOutQuint;position:relative;\"><h2 style=\"top:508px;left:20px;font-size:25px;\" class=\"ls-text-layer\">Download Winterkatalog<\/h2><\/a><a href=\"https:\/\/wzi.offner.at\/wp-content\/uploads\/2024\/04\/Winterprogramm-2024-2025.pdf\" target=\"_blank\" class=\"ls-link ls-link-on-top\"><\/a><\/div><\/div><\/div><\/div><div id=\"pgc-2160-0-1\"  class=\"panel-grid-cell\" ><div id=\"panel-2160-0-1-0\" class=\"so-panel widget widget_layerslider_widget layerslider_widget panel-first-child panel-last-child\" data-index=\"1\" ><div id=\"layerslider_4_1kx8niocn29gp\"  class=\"ls-wp-container fitvidsignore ls-selectable\" style=\"width:563px;height:564px;margin:0 auto;margin-bottom: 0px;\"><div class=\"ls-slide\" ><a style=\"\" class=\"ls-l\" href=\"https:\/\/wzi.offner.at\/wp-content\/uploads\/2019\/03\/offner_gartenkatalog-web.pdf\" target=\"_blank\" data-ls=\"hover:true;hovereasingin:easeInOutQuint;hoverscalex:1.1;hoverscaley:1.1;position:relative;\"><img loading=\"lazy\" decoding=\"async\" width=\"563\" height=\"564\" src=\"https:\/\/wzi.offner.at\/wp-content\/uploads\/2019\/03\/Download-Gartenkatalog.jpg\" class=\"ls-img-layer\" alt=\"\" srcset=\"https:\/\/wzi.offner.at\/wp-content\/uploads\/2019\/03\/Download-Gartenkatalog.jpg 563w, https:\/\/wzi.offner.at\/wp-content\/uploads\/2019\/03\/Download-Gartenkatalog-150x150.jpg 150w, https:\/\/wzi.offner.at\/wp-content\/uploads\/2019\/03\/Download-Gartenkatalog-300x301.jpg 300w\" sizes=\"auto, (max-width: 563px) 100vw, 563px\" style=\"top:0px;left:0px;\"><\/a><a style=\"\" class=\"ls-l\" href=\"https:\/\/wzi.offner.at\/wp-content\/uploads\/2019\/03\/offner_gartenkatalog-web.pdf\" target=\"_blank\" data-ls=\"hover:true;hoveroffsety:5;hovereasingin:easeInOutQuint;position:relative;\"><h2 style=\"top:508px;left:20px;font-size:25px;\" class=\"ls-text-layer\">Download Gartenkatalog<\/h2><\/a><a href=\"https:\/\/wzi.offner.at\/wp-content\/uploads\/2019\/03\/offner_gartenkatalog-web.pdf\" target=\"_blank\" class=\"ls-link ls-link-on-top\"><\/a><\/div><\/div><\/div><\/div><\/div><\/div><\/div><\/div><\/div>","protected":false},"excerpt":{"rendered":"<p>Download WinterkatalogDownload Gartenkatalog<\/p>\n","protected":false},"author":3,"featured_media":0,"parent":0,"menu_order":0,"comment_status":"closed","ping_status":"closed","template":"","meta":{"_acf_changed":false,"footnotes":""},"class_list":["post-2160","page","type-page","status-publish","hentry"],"acf":[],"yoast_head":"<!-- This site is optimized with the Yoast SEO plugin v26.6 - https:\/\/yoast.com\/wordpress\/plugins\/seo\/ -->\n<title>Catalogues - Offner Werkzeuge<\/title>\n<meta name=\"robots\" content=\"index, follow, max-snippet:-1, max-image-preview:large, max-video-preview:-1\" \/>\n<link rel=\"canonical\" href=\"https:\/\/wzi.offner.at\/en\/catalogues\/\" \/>\n<meta property=\"og:locale\" content=\"en_US\" \/>\n<meta property=\"og:type\" content=\"article\" \/>\n<meta property=\"og:title\" content=\"Catalogues - Offner Werkzeuge\" \/>\n<meta property=\"og:description\" content=\"Download WinterkatalogDownload Gartenkatalog\" \/>\n<meta property=\"og:url\" content=\"https:\/\/wzi.offner.at\/en\/catalogues\/\" \/>\n<meta property=\"og:site_name\" content=\"Offner Werkzeuge\" \/>\n<meta property=\"article:modified_time\" content=\"2021-02-22T11:37:52+00:00\" \/>\n<meta name=\"twitter:card\" content=\"summary_large_image\" \/>\n<script type=\"application\/ld+json\" class=\"yoast-schema-graph\">{\"@context\":\"https:\/\/schema.org\",\"@graph\":[{\"@type\":\"WebPage\",\"@id\":\"https:\/\/wzi.offner.at\/en\/catalogues\/\",\"url\":\"https:\/\/wzi.offner.at\/en\/catalogues\/\",\"name\":\"Catalogues - Offner Werkzeuge\",\"isPartOf\":{\"@id\":\"https:\/\/wzi.offner.at\/#website\"},\"datePublished\":\"2020-09-08T08:17:21+00:00\",\"dateModified\":\"2021-02-22T11:37:52+00:00\",\"breadcrumb\":{\"@id\":\"https:\/\/wzi.offner.at\/en\/catalogues\/#breadcrumb\"},\"inLanguage\":\"en-US\",\"potentialAction\":[{\"@type\":\"ReadAction\",\"target\":[\"https:\/\/wzi.offner.at\/en\/catalogues\/\"]}]},{\"@type\":\"BreadcrumbList\",\"@id\":\"https:\/\/wzi.offner.at\/en\/catalogues\/#breadcrumb\",\"itemListElement\":[{\"@type\":\"ListItem\",\"position\":1,\"name\":\"Startseite\",\"item\":\"https:\/\/wzi.offner.at\/en\/\"},{\"@type\":\"ListItem\",\"position\":2,\"name\":\"Catalogues\"}]},{\"@type\":\"WebSite\",\"@id\":\"https:\/\/wzi.offner.at\/#website\",\"url\":\"https:\/\/wzi.offner.at\/\",\"name\":\"Offner Werkzeuge\",\"description\":\"Wir verarbeiten seit 1755 im Lavanttal in \u00d6sterreich Stahl und Aluminium mit Hilfe optimierter Schmiedetechnik zu Werkzeugen h\u00f6chster G\u00fcte.\",\"potentialAction\":[{\"@type\":\"SearchAction\",\"target\":{\"@type\":\"EntryPoint\",\"urlTemplate\":\"https:\/\/wzi.offner.at\/?s={search_term_string}\"},\"query-input\":{\"@type\":\"PropertyValueSpecification\",\"valueRequired\":true,\"valueName\":\"search_term_string\"}}],\"inLanguage\":\"en-US\"}]}<\/script>\n<!-- \/ Yoast SEO plugin. -->","yoast_head_json":{"title":"Catalogues - Offner Werkzeuge","robots":{"index":"index","follow":"follow","max-snippet":"max-snippet:-1","max-image-preview":"max-image-preview:large","max-video-preview":"max-video-preview:-1"},"canonical":"https:\/\/wzi.offner.at\/en\/catalogues\/","og_locale":"en_US","og_type":"article","og_title":"Catalogues - Offner Werkzeuge","og_description":"Download WinterkatalogDownload Gartenkatalog","og_url":"https:\/\/wzi.offner.at\/en\/catalogues\/","og_site_name":"Offner Werkzeuge","article_modified_time":"2021-02-22T11:37:52+00:00","twitter_card":"summary_large_image","schema":{"@context":"https:\/\/schema.org","@graph":[{"@type":"WebPage","@id":"https:\/\/wzi.offner.at\/en\/catalogues\/","url":"https:\/\/wzi.offner.at\/en\/catalogues\/","name":"Catalogues - Offner Werkzeuge","isPartOf":{"@id":"https:\/\/wzi.offner.at\/#website"},"datePublished":"2020-09-08T08:17:21+00:00","dateModified":"2021-02-22T11:37:52+00:00","breadcrumb":{"@id":"https:\/\/wzi.offner.at\/en\/catalogues\/#breadcrumb"},"inLanguage":"en-US","potentialAction":[{"@type":"ReadAction","target":["https:\/\/wzi.offner.at\/en\/catalogues\/"]}]},{"@type":"BreadcrumbList","@id":"https:\/\/wzi.offner.at\/en\/catalogues\/#breadcrumb","itemListElement":[{"@type":"ListItem","position":1,"name":"Startseite","item":"https:\/\/wzi.offner.at\/en\/"},{"@type":"ListItem","position":2,"name":"Catalogues"}]},{"@type":"WebSite","@id":"https:\/\/wzi.offner.at\/#website","url":"https:\/\/wzi.offner.at\/","name":"Offner Werkzeuge","description":"Wir verarbeiten seit 1755 im Lavanttal in \u00d6sterreich Stahl und Aluminium mit Hilfe optimierter Schmiedetechnik zu Werkzeugen h\u00f6chster G\u00fcte.","potentialAction":[{"@type":"SearchAction","target":{"@type":"EntryPoint","urlTemplate":"https:\/\/wzi.offner.at\/?s={search_term_string}"},"query-input":{"@type":"PropertyValueSpecification","valueRequired":true,"valueName":"search_term_string"}}],"inLanguage":"en-US"}]}},"_links":{"self":[{"href":"https:\/\/wzi.offner.at\/en\/wp-json\/wp\/v2\/pages\/2160","targetHints":{"allow":["GET"]}}],"collection":[{"href":"https:\/\/wzi.offner.at\/en\/wp-json\/wp\/v2\/pages"}],"about":[{"href":"https:\/\/wzi.offner.at\/en\/wp-json\/wp\/v2\/types\/page"}],"author":[{"embeddable":true,"href":"https:\/\/wzi.offner.at\/en\/wp-json\/wp\/v2\/users\/3"}],"replies":[{"embeddable":true,"href":"https:\/\/wzi.offner.at\/en\/wp-json\/wp\/v2\/comments?post=2160"}],"version-history":[{"count":3,"href":"https:\/\/wzi.offner.at\/en\/wp-json\/wp\/v2\/pages\/2160\/revisions"}],"predecessor-version":[{"id":4240,"href":"https:\/\/wzi.offner.at\/en\/wp-json\/wp\/v2\/pages\/2160\/revisions\/4240"}],"wp:attachment":[{"href":"https:\/\/wzi.offner.at\/en\/wp-json\/wp\/v2\/media?parent=2160"}],"curies":[{"name":"wp","href":"https:\/\/api.w.org\/{rel}","templated":true}]}}